{"id":2082,"date":"2022-10-18T17:50:45","date_gmt":"2022-10-18T17:50:45","guid":{"rendered":"https:\/\/www.attefallhuset.se\/?post_type=product&#038;p=2082"},"modified":"2023-04-27T08:10:37","modified_gmt":"2023-04-27T08:10:37","slug":"300l-ackumulatortank","status":"publish","type":"product","link":"https:\/\/www.attefallhuset.se\/en\/product\/300l-ackumulatortank\/","title":{"rendered":"300L Ackumulatortank"},"content":{"rendered":"","protected":false},"excerpt":{"rendered":"<table class=\"techdata\" style=\"width: 100%;\" width=\"100%\">\n<tbody>\n<tr>\n<td width=\"219\">Modell<\/td>\n<td width=\"134\">300L Tank<\/td>\n<td width=\"219\">Typ<\/td>\n<td width=\"134\">Ackumulatortank&nbsp;<\/td>\n<\/tr>\n<tr>\n<td width=\"219\">Isolering<\/td>\n<td width=\"134\">45mm<\/td>\n<td width=\"219\">Antal slingor<\/td>\n<td width=\"134\">2<\/td>\n<\/tr>\n<tr>\n<td width=\"219\">Material slingor<\/td>\n<td width=\"134\">304 rostfritt st\u00e5l<\/td>\n<td width=\"219\">L\u00e4ngd slinga 1<\/td>\n<td width=\"134\">30m<\/td>\n<\/tr>\n<tr>\n<td width=\"219\">L\u00e4nnd slinga 2<\/td>\n<td width=\"134\">25m<\/td>\n<td width=\"219\">Diameter p\u00e5 slinga<\/td>\n<td width=\"134\">32mm<\/td>\n<\/tr>\n<tr>\n<td width=\"219\">Elpatron<\/td>\n<td width=\"134\">3000W<\/td>\n<td width=\"219\">Kontrolpanel<\/td>\n<td width=\"134\">JA<\/td>\n<\/tr>\n<tr>\n<td width=\"219\">Tankdiameter<\/td>\n<td width=\"134\">450mm<\/td>\n<\/tr>\n<tr>\n<td width=\"219\">H\u00f6jd tank<\/td>\n<td width=\"134\">1900mm<\/td>\n<td width=\"219\">Drift tryck (Max)<\/td>\n<td width=\"134\">8 bar<\/td>\n<\/tr>\n<tr>\n<td width=\"219\">Rekomenderat pris<\/td>\n<td width=\"134\">&nbsp;<\/td>\n<td width=\"219\">&nbsp;<\/td>\n<td width=\"134\">&nbsp;<\/td>\n<\/tr>\n<\/tbody>\n<\/table>","protected":false},"featured_media":2029,"template":"","meta":{"ngg_post_thumbnail":0},"product_brand":[],"product_cat":[57],"product_tag":[73],"class_list":{"0":"post-2082","1":"product","2":"type-product","3":"status-publish","4":"has-post-thumbnail","6":"product_cat-varmepumpe","7":"product_tag-fri-frakt","9":"first","10":"instock","11":"purchasable","12":"product-type-simple"},"yoast_head":"<!-- This site is optimized with the Yoast SEO plugin v27.4 - https:\/\/yoast.com\/product\/yoast-seo-wordpress\/ -->\n<title>300L Ackumulatortank -<\/title>\n<meta name=\"robots\" content=\"index, follow, max-snippet:-1, max-image-preview:large, max-video-preview:-1\" \/>\n<link rel=\"canonical\" href=\"https:\/\/www.attefallhuset.se\/en\/product\/300l-ackumulatortank\/\" \/>\n<meta property=\"og:locale\" content=\"en_US\" \/>\n<meta property=\"og:type\" content=\"article\" \/>\n<meta property=\"og:title\" content=\"300L Ackumulatortank -\" \/>\n<meta property=\"og:description\" content=\"Modell 300L Tank Typ Ackumulatortank&nbsp;   Isolering 45mm Antal slingor 2   Material slingor 304 rostfritt st\u00e5l L\u00e4ngd slinga 1 30m   L\u00e4nnd slinga 2 25m Diameter p\u00e5 slinga 32mm   Elpatron 3000W Kontrolpanel JA   Tankdiameter 450mm   H\u00f6jd tank 1900mm Drift tryck (Max) 8 bar   Rekomenderat pris &nbsp; &nbsp; &nbsp;\" \/>\n<meta property=\"og:url\" content=\"https:\/\/www.attefallhuset.se\/en\/product\/300l-ackumulatortank\/\" \/>\n<meta property=\"article:publisher\" content=\"https:\/\/www.facebook.com\/attefallhuset\/\" \/>\n<meta property=\"article:modified_time\" content=\"2023-04-27T08:10:37+00:00\" \/>\n<meta property=\"og:image\" content=\"https:\/\/www.attefallhuset.se\/wp-content\/uploads\/2022\/10\/Product-editing-for-mutiple-uses-119-scaled.jpg\" \/>\n\t<meta property=\"og:image:width\" content=\"2560\" \/>\n\t<meta property=\"og:image:height\" content=\"2560\" \/>\n\t<meta property=\"og:image:type\" content=\"image\/jpeg\" \/>\n<meta name=\"twitter:card\" content=\"summary_large_image\" \/>\n<script type=\"application\/ld+json\" class=\"yoast-schema-graph\">{\"@context\":\"https:\\\/\\\/schema.org\",\"@graph\":[{\"@type\":\"WebPage\",\"@id\":\"https:\\\/\\\/www.attefallhuset.se\\\/product\\\/300l-ackumulatortank\\\/\",\"url\":\"https:\\\/\\\/www.attefallhuset.se\\\/product\\\/300l-ackumulatortank\\\/\",\"name\":\"300L Ackumulatortank -\",\"isPartOf\":{\"@id\":\"https:\\\/\\\/www.attefallhuset.se\\\/#website\"},\"primaryImageOfPage\":{\"@id\":\"https:\\\/\\\/www.attefallhuset.se\\\/product\\\/300l-ackumulatortank\\\/#primaryimage\"},\"image\":{\"@id\":\"https:\\\/\\\/www.attefallhuset.se\\\/product\\\/300l-ackumulatortank\\\/#primaryimage\"},\"thumbnailUrl\":\"https:\\\/\\\/www.attefallhuset.se\\\/wp-content\\\/uploads\\\/2022\\\/10\\\/Product-editing-for-mutiple-uses-119-scaled.jpg\",\"datePublished\":\"2022-10-18T17:50:45+00:00\",\"dateModified\":\"2023-04-27T08:10:37+00:00\",\"breadcrumb\":{\"@id\":\"https:\\\/\\\/www.attefallhuset.se\\\/product\\\/300l-ackumulatortank\\\/#breadcrumb\"},\"inLanguage\":\"en-US\",\"potentialAction\":[{\"@type\":\"ReadAction\",\"target\":[\"https:\\\/\\\/www.attefallhuset.se\\\/product\\\/300l-ackumulatortank\\\/\"]}]},{\"@type\":\"ImageObject\",\"inLanguage\":\"en-US\",\"@id\":\"https:\\\/\\\/www.attefallhuset.se\\\/product\\\/300l-ackumulatortank\\\/#primaryimage\",\"url\":\"https:\\\/\\\/www.attefallhuset.se\\\/wp-content\\\/uploads\\\/2022\\\/10\\\/Product-editing-for-mutiple-uses-119-scaled.jpg\",\"contentUrl\":\"https:\\\/\\\/www.attefallhuset.se\\\/wp-content\\\/uploads\\\/2022\\\/10\\\/Product-editing-for-mutiple-uses-119-scaled.jpg\",\"width\":2560,\"height\":2560},{\"@type\":\"BreadcrumbList\",\"@id\":\"https:\\\/\\\/www.attefallhuset.se\\\/product\\\/300l-ackumulatortank\\\/#breadcrumb\",\"itemListElement\":[{\"@type\":\"ListItem\",\"position\":1,\"name\":\"Home\",\"item\":\"https:\\\/\\\/www.attefallhuset.se\\\/\"},{\"@type\":\"ListItem\",\"position\":2,\"name\":\"300L Ackumulatortank\"}]},{\"@type\":\"WebSite\",\"@id\":\"https:\\\/\\\/www.attefallhuset.se\\\/#website\",\"url\":\"https:\\\/\\\/www.attefallhuset.se\\\/\",\"name\":\"\",\"description\":\"\",\"potentialAction\":[{\"@type\":\"SearchAction\",\"target\":{\"@type\":\"EntryPoint\",\"urlTemplate\":\"https:\\\/\\\/www.attefallhuset.se\\\/?s={search_term_string}\"},\"query-input\":{\"@type\":\"PropertyValueSpecification\",\"valueRequired\":true,\"valueName\":\"search_term_string\"}}],\"inLanguage\":\"en-US\"}]}<\/script>\n<!-- \/ Yoast SEO plugin. -->","yoast_head_json":{"title":"300L Ackumulatortank -","robots":{"index":"index","follow":"follow","max-snippet":"max-snippet:-1","max-image-preview":"max-image-preview:large","max-video-preview":"max-video-preview:-1"},"canonical":"https:\/\/www.attefallhuset.se\/en\/product\/300l-ackumulatortank\/","og_locale":"en_US","og_type":"article","og_title":"300L Ackumulatortank -","og_description":"Modell 300L Tank Typ Ackumulatortank&nbsp;   Isolering 45mm Antal slingor 2   Material slingor 304 rostfritt st\u00e5l L\u00e4ngd slinga 1 30m   L\u00e4nnd slinga 2 25m Diameter p\u00e5 slinga 32mm   Elpatron 3000W Kontrolpanel JA   Tankdiameter 450mm   H\u00f6jd tank 1900mm Drift tryck (Max) 8 bar   Rekomenderat pris &nbsp; &nbsp; &nbsp;","og_url":"https:\/\/www.attefallhuset.se\/en\/product\/300l-ackumulatortank\/","article_publisher":"https:\/\/www.facebook.com\/attefallhuset\/","article_modified_time":"2023-04-27T08:10:37+00:00","og_image":[{"width":2560,"height":2560,"url":"https:\/\/www.attefallhuset.se\/wp-content\/uploads\/2022\/10\/Product-editing-for-mutiple-uses-119-scaled.jpg","type":"image\/jpeg"}],"twitter_card":"summary_large_image","schema":{"@context":"https:\/\/schema.org","@graph":[{"@type":"WebPage","@id":"https:\/\/www.attefallhuset.se\/product\/300l-ackumulatortank\/","url":"https:\/\/www.attefallhuset.se\/product\/300l-ackumulatortank\/","name":"300L Ackumulatortank -","isPartOf":{"@id":"https:\/\/www.attefallhuset.se\/#website"},"primaryImageOfPage":{"@id":"https:\/\/www.attefallhuset.se\/product\/300l-ackumulatortank\/#primaryimage"},"image":{"@id":"https:\/\/www.attefallhuset.se\/product\/300l-ackumulatortank\/#primaryimage"},"thumbnailUrl":"https:\/\/www.attefallhuset.se\/wp-content\/uploads\/2022\/10\/Product-editing-for-mutiple-uses-119-scaled.jpg","datePublished":"2022-10-18T17:50:45+00:00","dateModified":"2023-04-27T08:10:37+00:00","breadcrumb":{"@id":"https:\/\/www.attefallhuset.se\/product\/300l-ackumulatortank\/#breadcrumb"},"inLanguage":"en-US","potentialAction":[{"@type":"ReadAction","target":["https:\/\/www.attefallhuset.se\/product\/300l-ackumulatortank\/"]}]},{"@type":"ImageObject","inLanguage":"en-US","@id":"https:\/\/www.attefallhuset.se\/product\/300l-ackumulatortank\/#primaryimage","url":"https:\/\/www.attefallhuset.se\/wp-content\/uploads\/2022\/10\/Product-editing-for-mutiple-uses-119-scaled.jpg","contentUrl":"https:\/\/www.attefallhuset.se\/wp-content\/uploads\/2022\/10\/Product-editing-for-mutiple-uses-119-scaled.jpg","width":2560,"height":2560},{"@type":"BreadcrumbList","@id":"https:\/\/www.attefallhuset.se\/product\/300l-ackumulatortank\/#breadcrumb","itemListElement":[{"@type":"ListItem","position":1,"name":"Home","item":"https:\/\/www.attefallhuset.se\/"},{"@type":"ListItem","position":2,"name":"300L Ackumulatortank"}]},{"@type":"WebSite","@id":"https:\/\/www.attefallhuset.se\/#website","url":"https:\/\/www.attefallhuset.se\/","name":"","description":"","potentialAction":[{"@type":"SearchAction","target":{"@type":"EntryPoint","urlTemplate":"https:\/\/www.attefallhuset.se\/?s={search_term_string}"},"query-input":{"@type":"PropertyValueSpecification","valueRequired":true,"valueName":"search_term_string"}}],"inLanguage":"en-US"}]}},"_links":{"self":[{"href":"https:\/\/www.attefallhuset.se\/en\/wp-json\/wp\/v2\/product\/2082","targetHints":{"allow":["GET"]}}],"collection":[{"href":"https:\/\/www.attefallhuset.se\/en\/wp-json\/wp\/v2\/product"}],"about":[{"href":"https:\/\/www.attefallhuset.se\/en\/wp-json\/wp\/v2\/types\/product"}],"wp:featuredmedia":[{"embeddable":true,"href":"https:\/\/www.attefallhuset.se\/en\/wp-json\/wp\/v2\/media\/2029"}],"wp:attachment":[{"href":"https:\/\/www.attefallhuset.se\/en\/wp-json\/wp\/v2\/media?parent=2082"}],"wp:term":[{"taxonomy":"product_brand","embeddable":true,"href":"https:\/\/www.attefallhuset.se\/en\/wp-json\/wp\/v2\/product_brand?post=2082"},{"taxonomy":"product_cat","embeddable":true,"href":"https:\/\/www.attefallhuset.se\/en\/wp-json\/wp\/v2\/product_cat?post=2082"},{"taxonomy":"product_tag","embeddable":true,"href":"https:\/\/www.attefallhuset.se\/en\/wp-json\/wp\/v2\/product_tag?post=2082"}],"curies":[{"name":"wp","href":"https:\/\/api.w.org\/{rel}","templated":true}]}}