{"id":2028,"date":"2022-10-03T16:57:55","date_gmt":"2022-10-03T16:57:55","guid":{"rendered":"https:\/\/www.attefallhuset.se\/?post_type=product&#038;p=2028"},"modified":"2023-11-19T15:31:56","modified_gmt":"2023-11-19T15:31:56","slug":"20kw-evi-luft-vatten-varmrpump","status":"publish","type":"product","link":"https:\/\/www.attefallhuset.se\/en\/product\/20kw-evi-luft-vatten-varmrpump\/","title":{"rendered":"20KW EVI Luft Vatten V\u00e4rmepump"},"content":{"rendered":"<p><strong>Luft-vatten v\u00e4rmepump av Invertertyp<\/strong><br \/>\nSverigeanpassad pump tillverkad med de b\u00e4sta komponenterna f\u00f6r god drifts\u00e4kerhet.<br \/>\nPanasonics kompressor tillverkad i Japan<br \/>\nSwep v\u00e4rmev\u00e4xlare tillverkad i Sverige<br \/>\nWilo cirkulationspump<br \/>\nMycket bra verkningsgrad. Upp till COP 4,62 (20kw modellen)<br \/>\nDen ger v\u00e4rme ner till -25C, men fungerar \u00e4ven i -30C<br \/>\nEn v\u00e4rmare 3kw finns installerad i pumpen som st\u00f6d de kallaste dagarna.<br \/>\nDenna v\u00e4rmepump \u00e4r monoblock, dvs. du beh\u00f6ver ingen kyltekniker f\u00f6r installation. Mycket enkel att installera<br \/>\nDetta \u00e4r en perfekt l\u00f6sning f\u00f6r dig som har en befintlig el, ved eller pelletspanna och vill komplettera med en v\u00e4rmepump.<br \/>\nHar du ingen ackumulatortank redan s\u00e5 erbjuder vi en enkel 300l tank med 2st v\u00e4rmeslingor, samt en 3kw v\u00e4rmare med separat kontrollpanel till ett bra pris.<br \/>\nDu styr v\u00e4rmepumpen via Tuyas smart home app via Wifi. P\u00e5 s\u00e5 vis kan ha koll p\u00e5 ditt uppv\u00e4rmningssystem \u00e4ven n\u00e4r du \u00e4r bortrest.<br \/>\nMycket tystg\u00e5ende. Ligger mellan 49-52db.<br \/>\nDenna v\u00e4rmepump finns 3st versioner. 10KW, 15KW och 20KW.<\/p>","protected":false},"excerpt":{"rendered":"<table class=\"techdata\" style=\"width: 100%;\" width=\"100%\">\n<tbody>\n<tr>\n<td width=\"219\">Modell<\/td>\n<td width=\"126\">20 KW R32<\/td>\n<td width=\"219\">Typ<\/td>\n<td width=\"126\">Luft\/vatten v\u00e4rmepump<\/td>\n<\/tr>\n<tr>\n<td width=\"219\">Energim\u00e4rkning 35C\/55C<\/td>\n<td width=\"126\">A+++ I A++<\/td>\n<td width=\"219\">V\u00e4rmekapacitet<\/td>\n<td width=\"126\">5500W-21000W<\/td>\n<\/tr>\n<tr>\n<td width=\"219\">Kylkapacitet<\/td>\n<td width=\"126\">4800W-14500W<\/td>\n<td width=\"219\">Max framledningstemperatur.<\/td>\n<td width=\"126\">55\u00b7<\/td>\n<\/tr>\n<tr>\n<td width=\"219\">Scop (medeltemperatur)<\/td>\n<td width=\"126\">3,5-4,9<\/td>\n<td width=\"219\">Anslutningsp\u00e4nning<\/td>\n<td width=\"126\">400V<\/td>\n<\/tr>\n<tr>\n<td width=\"219\">Vattenanslutning<\/td>\n<td width=\"126\">1&#8243;<\/td>\n<td width=\"219\">Max effektf\u00f6rbrukning<\/td>\n<td width=\"126\">4500W<\/td>\n<\/tr>\n<tr>\n<td width=\"219\">Str\u00f6mf\u00f6rbrukning(A)<\/td>\n<td width=\"126\">7,8Ah<\/td>\n<td width=\"219\">Anslutnings s\u00e4kring<\/td>\n<td width=\"126\">20Ah<\/td>\n<\/tr>\n<tr>\n<td width=\"219\">Kompressortyp (Japan)<\/td>\n<td width=\"126\">Panasonic<\/td>\n<td width=\"219\">Cirkulationspump<\/td>\n<td width=\"126\">Wilo 25\/8<\/td>\n<\/tr>\n<tr>\n<td width=\"219\">Amx stigningsh\u00f6jd<\/td>\n<td width=\"126\">8m<\/td>\n<td width=\"219\">V\u00e4rmev\u00e4xlare (Sverige)<\/td>\n<td width=\"126\">Swep<\/td>\n<\/tr>\n<tr>\n<td width=\"219\">Expansionsk\u00e4rl<\/td>\n<td width=\"126\">5 liter<\/td>\n<td width=\"219\">F\u00f6rberedd f\u00f6r styrning av 2 temperaturer<\/td>\n<td width=\"126\">Ja<\/td>\n<\/tr>\n<tr>\n<td width=\"219\">Medf\u00f6ljer touch display<\/td>\n<td width=\"126\">Ja<\/td>\n<td width=\"219\">WiFi (tuya smart home)<\/td>\n<td width=\"126\">Ja<\/td>\n<\/tr>\n<tr>\n<td width=\"219\">Ip-klass<\/td>\n<td width=\"126\">IPX 4<\/td>\n<td width=\"219\">Isoleringsklass<\/td>\n<td width=\"126\">Klass I<\/td>\n<\/tr>\n<tr>\n<td width=\"219\">Ljudvolym<\/td>\n<td width=\"126\">52 DB<\/td>\n<td width=\"219\">Vikt(kg)<\/td>\n<td width=\"126\">155<\/td>\n<\/tr>\n<tr>\n<td width=\"219\">M\u00e5tt( BxDxH)(mm)<\/td>\n<td width=\"126\">1070x530x1530<\/td>\n<td>&nbsp;<\/td>\n<td>&nbsp;<\/td>\n<\/tr>\n<tr>\n<td width=\"219\">Rekomenderat pris<\/td>\n<td width=\"126\">89900:-<\/td>\n<td width=\"219\">&nbsp;<\/td>\n<td width=\"126\">&nbsp;<\/td>\n<\/tr>\n<\/tbody>\n<\/table>","protected":false},"featured_media":1964,"template":"","meta":{"ngg_post_thumbnail":0},"product_brand":[],"product_cat":[57],"product_tag":[73],"class_list":{"0":"post-2028","1":"product","2":"type-product","3":"status-publish","4":"has-post-thumbnail","6":"product_cat-varmepumpe","7":"product_tag-fri-frakt","9":"first","10":"instock","11":"purchasable","12":"product-type-simple"},"yoast_head":"<!-- This site is optimized with the Yoast SEO plugin v27.5 - https:\/\/yoast.com\/product\/yoast-seo-wordpress\/ -->\n<title>20KW EVI Luft Vatten V\u00e4rmepump -<\/title>\n<meta name=\"robots\" content=\"index, follow, max-snippet:-1, max-image-preview:large, max-video-preview:-1\" \/>\n<link rel=\"canonical\" href=\"https:\/\/www.attefallhuset.se\/en\/product\/20kw-evi-luft-vatten-varmrpump\/\" \/>\n<meta property=\"og:locale\" content=\"en_US\" \/>\n<meta property=\"og:type\" content=\"article\" \/>\n<meta property=\"og:title\" content=\"20KW EVI Luft Vatten V\u00e4rmepump -\" \/>\n<meta property=\"og:description\" content=\"Modell 20 KW R32 Typ Luft\/vatten v\u00e4rmepump   Energim\u00e4rkning 35C\/55C A+++ I A++ V\u00e4rmekapacitet 5500W-21000W   Kylkapacitet 4800W-14500W Max framledningstemperatur. 55\u00b7   Scop (medeltemperatur) 3,5-4,9 Anslutningsp\u00e4nning 400V   Vattenanslutning 1&quot; Max effektf\u00f6rbrukning 4500W   Str\u00f6mf\u00f6rbrukning(A) 7,8Ah Anslutnings s\u00e4kring 20Ah   Kompressortyp (Japan) Panasonic Cirkulationspump Wilo 25\/8   Amx stigningsh\u00f6jd 8m V\u00e4rmev\u00e4xlare (Sverige) Swep   Expansionsk\u00e4rl 5 liter F\u00f6rberedd f\u00f6r styrning av 2 temperaturer Ja   Medf\u00f6ljer touch display Ja WiFi (tuya smart home) Ja   Ip-klass IPX 4 Isoleringsklass Klass I   Ljudvolym 52 DB Vikt(kg) 155   M\u00e5tt( BxDxH)(mm) 1070x530x1530 &nbsp; &nbsp;   Rekomenderat pris 89900:- &nbsp; &nbsp;\" \/>\n<meta property=\"og:url\" content=\"https:\/\/www.attefallhuset.se\/en\/product\/20kw-evi-luft-vatten-varmrpump\/\" \/>\n<meta property=\"article:publisher\" content=\"https:\/\/www.facebook.com\/attefallhuset\/\" \/>\n<meta property=\"article:modified_time\" content=\"2023-11-19T15:31:56+00:00\" \/>\n<meta property=\"og:image\" content=\"https:\/\/www.attefallhuset.se\/wp-content\/uploads\/2022\/09\/Product-editing-for-mutiple-uses-with-glow-116-scaled.jpg\" \/>\n\t<meta property=\"og:image:width\" content=\"2560\" \/>\n\t<meta property=\"og:image:height\" content=\"2560\" \/>\n\t<meta property=\"og:image:type\" content=\"image\/jpeg\" \/>\n<meta name=\"twitter:card\" content=\"summary_large_image\" \/>\n<meta name=\"twitter:label1\" content=\"Est. reading time\" \/>\n\t<meta name=\"twitter:data1\" content=\"1 minute\" \/>\n<script type=\"application\/ld+json\" class=\"yoast-schema-graph\">{\"@context\":\"https:\\\/\\\/schema.org\",\"@graph\":[{\"@type\":\"WebPage\",\"@id\":\"https:\\\/\\\/www.attefallhuset.se\\\/product\\\/20kw-evi-luft-vatten-varmrpump\\\/\",\"url\":\"https:\\\/\\\/www.attefallhuset.se\\\/product\\\/20kw-evi-luft-vatten-varmrpump\\\/\",\"name\":\"20KW EVI Luft Vatten V\u00e4rmepump -\",\"isPartOf\":{\"@id\":\"https:\\\/\\\/www.attefallhuset.se\\\/#website\"},\"primaryImageOfPage\":{\"@id\":\"https:\\\/\\\/www.attefallhuset.se\\\/product\\\/20kw-evi-luft-vatten-varmrpump\\\/#primaryimage\"},\"image\":{\"@id\":\"https:\\\/\\\/www.attefallhuset.se\\\/product\\\/20kw-evi-luft-vatten-varmrpump\\\/#primaryimage\"},\"thumbnailUrl\":\"https:\\\/\\\/www.attefallhuset.se\\\/wp-content\\\/uploads\\\/2022\\\/09\\\/Product-editing-for-mutiple-uses-with-glow-116-scaled.jpg\",\"datePublished\":\"2022-10-03T16:57:55+00:00\",\"dateModified\":\"2023-11-19T15:31:56+00:00\",\"breadcrumb\":{\"@id\":\"https:\\\/\\\/www.attefallhuset.se\\\/product\\\/20kw-evi-luft-vatten-varmrpump\\\/#breadcrumb\"},\"inLanguage\":\"en-US\",\"potentialAction\":[{\"@type\":\"ReadAction\",\"target\":[\"https:\\\/\\\/www.attefallhuset.se\\\/product\\\/20kw-evi-luft-vatten-varmrpump\\\/\"]}]},{\"@type\":\"ImageObject\",\"inLanguage\":\"en-US\",\"@id\":\"https:\\\/\\\/www.attefallhuset.se\\\/product\\\/20kw-evi-luft-vatten-varmrpump\\\/#primaryimage\",\"url\":\"https:\\\/\\\/www.attefallhuset.se\\\/wp-content\\\/uploads\\\/2022\\\/09\\\/Product-editing-for-mutiple-uses-with-glow-116-scaled.jpg\",\"contentUrl\":\"https:\\\/\\\/www.attefallhuset.se\\\/wp-content\\\/uploads\\\/2022\\\/09\\\/Product-editing-for-mutiple-uses-with-glow-116-scaled.jpg\",\"width\":2560,\"height\":2560},{\"@type\":\"BreadcrumbList\",\"@id\":\"https:\\\/\\\/www.attefallhuset.se\\\/product\\\/20kw-evi-luft-vatten-varmrpump\\\/#breadcrumb\",\"itemListElement\":[{\"@type\":\"ListItem\",\"position\":1,\"name\":\"Home\",\"item\":\"https:\\\/\\\/www.attefallhuset.se\\\/\"},{\"@type\":\"ListItem\",\"position\":2,\"name\":\"20KW EVI Luft Vatten V\u00e4rmepump\"}]},{\"@type\":\"WebSite\",\"@id\":\"https:\\\/\\\/www.attefallhuset.se\\\/#website\",\"url\":\"https:\\\/\\\/www.attefallhuset.se\\\/\",\"name\":\"\",\"description\":\"\",\"potentialAction\":[{\"@type\":\"SearchAction\",\"target\":{\"@type\":\"EntryPoint\",\"urlTemplate\":\"https:\\\/\\\/www.attefallhuset.se\\\/?s={search_term_string}\"},\"query-input\":{\"@type\":\"PropertyValueSpecification\",\"valueRequired\":true,\"valueName\":\"search_term_string\"}}],\"inLanguage\":\"en-US\"}]}<\/script>\n<!-- \/ Yoast SEO plugin. -->","yoast_head_json":{"title":"20KW EVI Luft Vatten V\u00e4rmepump -","robots":{"index":"index","follow":"follow","max-snippet":"max-snippet:-1","max-image-preview":"max-image-preview:large","max-video-preview":"max-video-preview:-1"},"canonical":"https:\/\/www.attefallhuset.se\/en\/product\/20kw-evi-luft-vatten-varmrpump\/","og_locale":"en_US","og_type":"article","og_title":"20KW EVI Luft Vatten V\u00e4rmepump -","og_description":"Modell 20 KW R32 Typ Luft\/vatten v\u00e4rmepump   Energim\u00e4rkning 35C\/55C A+++ I A++ V\u00e4rmekapacitet 5500W-21000W   Kylkapacitet 4800W-14500W Max framledningstemperatur. 55\u00b7   Scop (medeltemperatur) 3,5-4,9 Anslutningsp\u00e4nning 400V   Vattenanslutning 1\" Max effektf\u00f6rbrukning 4500W   Str\u00f6mf\u00f6rbrukning(A) 7,8Ah Anslutnings s\u00e4kring 20Ah   Kompressortyp (Japan) Panasonic Cirkulationspump Wilo 25\/8   Amx stigningsh\u00f6jd 8m V\u00e4rmev\u00e4xlare (Sverige) Swep   Expansionsk\u00e4rl 5 liter F\u00f6rberedd f\u00f6r styrning av 2 temperaturer Ja   Medf\u00f6ljer touch display Ja WiFi (tuya smart home) Ja   Ip-klass IPX 4 Isoleringsklass Klass I   Ljudvolym 52 DB Vikt(kg) 155   M\u00e5tt( BxDxH)(mm) 1070x530x1530 &nbsp; &nbsp;   Rekomenderat pris 89900:- &nbsp; &nbsp;","og_url":"https:\/\/www.attefallhuset.se\/en\/product\/20kw-evi-luft-vatten-varmrpump\/","article_publisher":"https:\/\/www.facebook.com\/attefallhuset\/","article_modified_time":"2023-11-19T15:31:56+00:00","og_image":[{"width":2560,"height":2560,"url":"https:\/\/www.attefallhuset.se\/wp-content\/uploads\/2022\/09\/Product-editing-for-mutiple-uses-with-glow-116-scaled.jpg","type":"image\/jpeg"}],"twitter_card":"summary_large_image","twitter_misc":{"Est. reading time":"1 minute"},"schema":{"@context":"https:\/\/schema.org","@graph":[{"@type":"WebPage","@id":"https:\/\/www.attefallhuset.se\/product\/20kw-evi-luft-vatten-varmrpump\/","url":"https:\/\/www.attefallhuset.se\/product\/20kw-evi-luft-vatten-varmrpump\/","name":"20KW EVI Luft Vatten V\u00e4rmepump -","isPartOf":{"@id":"https:\/\/www.attefallhuset.se\/#website"},"primaryImageOfPage":{"@id":"https:\/\/www.attefallhuset.se\/product\/20kw-evi-luft-vatten-varmrpump\/#primaryimage"},"image":{"@id":"https:\/\/www.attefallhuset.se\/product\/20kw-evi-luft-vatten-varmrpump\/#primaryimage"},"thumbnailUrl":"https:\/\/www.attefallhuset.se\/wp-content\/uploads\/2022\/09\/Product-editing-for-mutiple-uses-with-glow-116-scaled.jpg","datePublished":"2022-10-03T16:57:55+00:00","dateModified":"2023-11-19T15:31:56+00:00","breadcrumb":{"@id":"https:\/\/www.attefallhuset.se\/product\/20kw-evi-luft-vatten-varmrpump\/#breadcrumb"},"inLanguage":"en-US","potentialAction":[{"@type":"ReadAction","target":["https:\/\/www.attefallhuset.se\/product\/20kw-evi-luft-vatten-varmrpump\/"]}]},{"@type":"ImageObject","inLanguage":"en-US","@id":"https:\/\/www.attefallhuset.se\/product\/20kw-evi-luft-vatten-varmrpump\/#primaryimage","url":"https:\/\/www.attefallhuset.se\/wp-content\/uploads\/2022\/09\/Product-editing-for-mutiple-uses-with-glow-116-scaled.jpg","contentUrl":"https:\/\/www.attefallhuset.se\/wp-content\/uploads\/2022\/09\/Product-editing-for-mutiple-uses-with-glow-116-scaled.jpg","width":2560,"height":2560},{"@type":"BreadcrumbList","@id":"https:\/\/www.attefallhuset.se\/product\/20kw-evi-luft-vatten-varmrpump\/#breadcrumb","itemListElement":[{"@type":"ListItem","position":1,"name":"Home","item":"https:\/\/www.attefallhuset.se\/"},{"@type":"ListItem","position":2,"name":"20KW EVI Luft Vatten V\u00e4rmepump"}]},{"@type":"WebSite","@id":"https:\/\/www.attefallhuset.se\/#website","url":"https:\/\/www.attefallhuset.se\/","name":"","description":"","potentialAction":[{"@type":"SearchAction","target":{"@type":"EntryPoint","urlTemplate":"https:\/\/www.attefallhuset.se\/?s={search_term_string}"},"query-input":{"@type":"PropertyValueSpecification","valueRequired":true,"valueName":"search_term_string"}}],"inLanguage":"en-US"}]}},"_links":{"self":[{"href":"https:\/\/www.attefallhuset.se\/en\/wp-json\/wp\/v2\/product\/2028","targetHints":{"allow":["GET"]}}],"collection":[{"href":"https:\/\/www.attefallhuset.se\/en\/wp-json\/wp\/v2\/product"}],"about":[{"href":"https:\/\/www.attefallhuset.se\/en\/wp-json\/wp\/v2\/types\/product"}],"wp:featuredmedia":[{"embeddable":true,"href":"https:\/\/www.attefallhuset.se\/en\/wp-json\/wp\/v2\/media\/1964"}],"wp:attachment":[{"href":"https:\/\/www.attefallhuset.se\/en\/wp-json\/wp\/v2\/media?parent=2028"}],"wp:term":[{"taxonomy":"product_brand","embeddable":true,"href":"https:\/\/www.attefallhuset.se\/en\/wp-json\/wp\/v2\/product_brand?post=2028"},{"taxonomy":"product_cat","embeddable":true,"href":"https:\/\/www.attefallhuset.se\/en\/wp-json\/wp\/v2\/product_cat?post=2028"},{"taxonomy":"product_tag","embeddable":true,"href":"https:\/\/www.attefallhuset.se\/en\/wp-json\/wp\/v2\/product_tag?post=2028"}],"curies":[{"name":"wp","href":"https:\/\/api.w.org\/{rel}","templated":true}]}}