{"id":71,"date":"2016-03-18T07:23:30","date_gmt":"2016-03-18T07:23:30","guid":{"rendered":"http:\/\/attefallhuset.se\/?page_id=71"},"modified":"2025-12-03T10:26:53","modified_gmt":"2025-12-03T10:26:53","slug":"about-us","status":"publish","type":"page","link":"https:\/\/www.attefallhuset.se\/en\/about-us\/","title":{"rendered":"About us"},"content":{"rendered":"<div data-elementor-type=\"wp-page\" data-elementor-id=\"71\" class=\"elementor elementor-71\">\n\t\t\t\t\t\t<section class=\"elementor-section elementor-top-section elementor-element elementor-element-5b80370 elementor-section-full_width elementor-section-height-default elementor-section-height-default\" data-id=\"5b80370\" data-element_type=\"section\" data-e-type=\"section\">\n\t\t\t\t\t\t<div class=\"elementor-container elementor-column-gap-default\">\n\t\t\t\t\t<div class=\"elementor-column elementor-col-100 elementor-top-column elementor-element elementor-element-d9e5d28\" data-id=\"d9e5d28\" data-element_type=\"column\" data-e-type=\"column\">\n\t\t\t<div class=\"elementor-widget-wrap elementor-element-populated\">\n\t\t\t\t\t\t<div class=\"elementor-element elementor-element-e372435 elementor-widget elementor-widget-heading\" data-id=\"e372435\" data-element_type=\"widget\" data-e-type=\"widget\" data-widget_type=\"heading.default\">\n\t\t\t\t<div class=\"elementor-widget-container\">\n\t\t\t\t\t<h2 class=\"elementor-heading-title elementor-size-default\">V\u00e4lkommen till Attefallhuset.se \u2013 Specialister p\u00e5 Attefallshus och Fritidshus i Sverige<\/h2>\t\t\t\t<\/div>\n\t\t\t\t<\/div>\n\t\t\t\t\t<\/div>\n\t\t<\/div>\n\t\t\t\t\t<\/div>\n\t\t<\/section>\n\t\t\t\t<section class=\"elementor-section elementor-top-section elementor-element elementor-element-5d52ffe elementor-section-full_width elementor-section-height-default elementor-section-height-default\" data-id=\"5d52ffe\" data-element_type=\"section\" data-e-type=\"section\" data-settings=\"{&quot;background_background&quot;:&quot;classic&quot;}\">\n\t\t\t\t\t\t<div class=\"elementor-container elementor-column-gap-default\">\n\t\t\t\t\t<div class=\"elementor-column elementor-col-66 elementor-top-column elementor-element elementor-element-ddbeafe\" data-id=\"ddbeafe\" data-element_type=\"column\" data-e-type=\"column\">\n\t\t\t<div class=\"elementor-widget-wrap elementor-element-populated\">\n\t\t\t\t\t\t<div class=\"elementor-element elementor-element-cd60187 elementor-widget elementor-widget-heading\" data-id=\"cd60187\" data-element_type=\"widget\" data-e-type=\"widget\" data-widget_type=\"heading.default\">\n\t\t\t\t<div class=\"elementor-widget-container\">\n\t\t\t\t\t<p class=\"elementor-heading-title elementor-size-default\">Attefallhuset \u00e4r en del av Fj\u00e4llproduktioner AB och en ledande akt\u00f6r inom tillverkning och byggnation av komplementbyggnader \/ \"Attefallshus\", fritidshus och bolundare \u00f6ver hela Sverige. V\u00e5r passion \u00e4r att skapa h\u00e5llbara, prisv\u00e4rda och h\u00f6gkvalitativa sm\u00e5hus som m\u00f6ter moderna krav p\u00e5 design, funktion och h\u00e5llbarhet.<\/p>\t\t\t\t<\/div>\n\t\t\t\t<\/div>\n\t\t\t\t<div class=\"elementor-element elementor-element-0e9b68f elementor-widget elementor-widget-text-editor\" data-id=\"0e9b68f\" data-element_type=\"widget\" data-e-type=\"widget\" data-widget_type=\"text-editor.default\">\n\t\t\t\t<div class=\"elementor-widget-container\">\n\t\t\t\t\t\t\t\t\t<p><strong>Varf\u00f6r V\u00e4lja Attefallhuset.se?<\/strong><br \/><br \/><\/p><ul><li><strong>Erfarenhet och Kvalitet:<\/strong> Vi levererar Komplementbyggnader (tidigare kallade Attefallshus) och fritidshus av h\u00f6gsta kvalitet. Alla v\u00e5ra produkter tillverkas med noggrant utvalda material som uppfyller svenska byggnormer och konstruktionskrav.<\/li><li><strong>Byggnation p\u00e5 Plats:<\/strong> V\u00e5ra hus byggs direkt p\u00e5 plats hos kund med noggrant utvalt svenskt tr\u00e4. Vi skiljer oss fr\u00e5n m\u00e5nga kollegor i branschen som levererar f\u00e4rdigbyggda hus fr\u00e5n Estland, Lettland och Litauen p\u00e5 lastbil.<\/li><li><strong>Prisv\u00e4rda och Tillg\u00e4ngliga:<\/strong> Vi erbjuder konkurrenskraftiga priser utan att kompromissa med kvaliteten. V\u00e5rt sortiment inkluderar b\u00e5de klassiska och moderna designl\u00f6sningar som passar alla behov.<\/li><li><strong>Personlig Service:<\/strong> Vi erbjuder personlig och engagerad service fr\u00e5n f\u00f6rsta kontakt till f\u00e4rdigt hus. Vi tar ett helhetsansvar och s\u00e4kerst\u00e4ller trygga och punktliga leveranser.<\/li><li><strong>Milj\u00f6medvetet Byggande:<\/strong> Milj\u00f6- och kvalitetsfr\u00e5gor \u00e4r centrala i v\u00e5r verksamhet. Vi arbetar aktivt f\u00f6r att milj\u00f6certifiera enligt ISO 14001 och kvalitetscertifiera enligt ISO 9001.<\/li><\/ul>\t\t\t\t\t\t\t\t<\/div>\n\t\t\t\t<\/div>\n\t\t\t\t\t<\/div>\n\t\t<\/div>\n\t\t\t\t<div class=\"elementor-column elementor-col-33 elementor-top-column elementor-element elementor-element-a8225a3\" data-id=\"a8225a3\" data-element_type=\"column\" data-e-type=\"column\">\n\t\t\t<div class=\"elementor-widget-wrap elementor-element-populated\">\n\t\t\t\t\t\t<div class=\"elementor-element elementor-element-1ca9a38 elementor-widget elementor-widget-image\" data-id=\"1ca9a38\" data-element_type=\"widget\" data-e-type=\"widget\" data-widget_type=\"image.default\">\n\t\t\t\t<div class=\"elementor-widget-container\">\n\t\t\t\t\t\t\t\t\t\t\t\t\t\t\t<img decoding=\"async\" src=\"https:\/\/www.attefallhuset.se\/wp-content\/uploads\/2025\/03\/Storklinten-BRF.png\" title=\"\" alt=\"\" loading=\"lazy\" \/>\t\t\t\t\t\t\t\t\t\t\t\t\t\t\t<\/div>\n\t\t\t\t<\/div>\n\t\t\t\t\t<\/div>\n\t\t<\/div>\n\t\t\t\t\t<\/div>\n\t\t<\/section>\n\t\t\t\t<section class=\"elementor-section elementor-top-section elementor-element elementor-element-ba68bf9 elementor-section-boxed elementor-section-height-default elementor-section-height-default\" data-id=\"ba68bf9\" data-element_type=\"section\" data-e-type=\"section\">\n\t\t\t\t\t\t<div class=\"elementor-container elementor-column-gap-default\">\n\t\t\t\t\t<div class=\"elementor-column elementor-col-100 elementor-top-column elementor-element elementor-element-2301c40\" data-id=\"2301c40\" data-element_type=\"column\" data-e-type=\"column\">\n\t\t\t<div class=\"elementor-widget-wrap elementor-element-populated\">\n\t\t\t\t\t\t<div class=\"elementor-element elementor-element-7f75b2d elementor-widget elementor-widget-heading\" data-id=\"7f75b2d\" data-element_type=\"widget\" data-e-type=\"widget\" data-widget_type=\"heading.default\">\n\t\t\t\t<div class=\"elementor-widget-container\">\n\t\t\t\t\t<h2 class=\"elementor-heading-title elementor-size-default\">V\u00e5ra Varum\u00e4rken \u2013 Solvargen, Attefallhuset, Storklinten &amp; Skihouse<\/h2>\t\t\t\t<\/div>\n\t\t\t\t<\/div>\n\t\t\t\t\t<\/div>\n\t\t<\/div>\n\t\t\t\t\t<\/div>\n\t\t<\/section>\n\t\t\t\t<section class=\"elementor-section elementor-top-section elementor-element elementor-element-6f92c83 elementor-section-full_width elementor-section-height-default elementor-section-height-default\" data-id=\"6f92c83\" data-element_type=\"section\" data-e-type=\"section\" data-settings=\"{&quot;background_background&quot;:&quot;classic&quot;}\">\n\t\t\t\t\t\t<div class=\"elementor-container elementor-column-gap-default\">\n\t\t\t\t\t<div class=\"elementor-column elementor-col-66 elementor-top-column elementor-element elementor-element-555d8c8\" data-id=\"555d8c8\" data-element_type=\"column\" data-e-type=\"column\">\n\t\t\t<div class=\"elementor-widget-wrap elementor-element-populated\">\n\t\t\t\t\t\t<div class=\"elementor-element elementor-element-b62b170 elementor-widget elementor-widget-heading\" data-id=\"b62b170\" data-element_type=\"widget\" data-e-type=\"widget\" data-widget_type=\"heading.default\">\n\t\t\t\t<div class=\"elementor-widget-container\">\n\t\t\t\t\t<p class=\"elementor-heading-title elementor-size-default\">Alla v\u00e5ra hus marknadsf\u00f6rs under varum\u00e4rkena Solvargen, Attefallhuset, Storklinten och Skihouse. Dessa st\u00e5r som garant f\u00f6r prisv\u00e4rda produkter av h\u00f6gsta kvalitet, tillverkade med omsorg och expertis.<\/p>\t\t\t\t<\/div>\n\t\t\t\t<\/div>\n\t\t\t\t<div class=\"elementor-element elementor-element-e0b9a02 elementor-widget elementor-widget-text-editor\" data-id=\"e0b9a02\" data-element_type=\"widget\" data-e-type=\"widget\" data-widget_type=\"text-editor.default\">\n\t\t\t\t<div class=\"elementor-widget-container\">\n\t\t\t\t\t\t\t\t\t<p><strong>V\u00e5rt Sortimentsbredd<\/strong><\/p><ol><li>Komplementbyggnader \/ Attefallshus: Finns i storlekarna 25 m\u00b2,\u00a0 30 m\u00b2 och 50m\u00b2, perfekta som g\u00e4sthus, ton\u00e5rsboende eller som extra utrymme.<\/li><li>Fritidshus: Skapade f\u00f6r avkoppling och funktion, anpassade f\u00f6r svenska sommar- och vinterf\u00f6rh\u00e5llanden.<\/li><li>Komplementbostad: Fullt funktionella sm\u00e5hus som m\u00f6ter alla krav f\u00f6r \u00e5ret-runt-boende.<\/li><li>Komplementbyggnader: Flexibla l\u00f6sningar f\u00f6r extra utrymme som garage, f\u00f6rr\u00e5d eller kontor.<\/li><li>Bolundare: Sm\u00e5 och effektiva bost\u00e4der om 30 m\u00b2 som passar perfekt som komplementbost\u00e4der p\u00e5 tomten.<\/li><\/ol>\t\t\t\t\t\t\t\t<\/div>\n\t\t\t\t<\/div>\n\t\t\t\t<div class=\"elementor-element elementor-element-fb0ed01 elementor-widget elementor-widget-text-editor\" data-id=\"fb0ed01\" data-element_type=\"widget\" data-e-type=\"widget\" data-widget_type=\"text-editor.default\">\n\t\t\t\t<div class=\"elementor-widget-container\">\n\t\t\t\t\t\t\t\t\t<p><strong>Trygga Leveranser och Garanti<\/strong><\/p><p>Vi garanterar leverans enligt avtalad tid och pris. V\u00e5rt helhetsansvar ger dig trygghet genom hela byggprocessen, fr\u00e5n ritning till f\u00e4rdig byggnation.<\/p><p><strong>Kontakta Oss \u2013 Ditt Dr\u00f6mhus B\u00f6rjar H\u00e4r\u00a0<\/strong><\/p><p>Vi ser fram emot att f\u00e5 f\u00f6rverkliga ditt dr\u00f6mhus! Kontakta oss idag f\u00f6r en personlig konsultation och l\u00e5t oss ta f\u00f6rsta steget mot ditt nya &#8221;Attefallshus&#8221;, fritidshus, komplementbyggnad eller bolundare.<\/p><p><strong>Attefallhuset.se \u2013 H\u00e5llbara hus f\u00f6r ett h\u00e5llbart liv.<\/strong><\/p>\t\t\t\t\t\t\t\t<\/div>\n\t\t\t\t<\/div>\n\t\t\t\t\t<\/div>\n\t\t<\/div>\n\t\t\t\t<div class=\"elementor-column elementor-col-33 elementor-top-column elementor-element elementor-element-4188483\" data-id=\"4188483\" data-element_type=\"column\" data-e-type=\"column\">\n\t\t\t<div class=\"elementor-widget-wrap elementor-element-populated\">\n\t\t\t\t\t\t<div class=\"elementor-element elementor-element-06da279 elementor-widget elementor-widget-image\" data-id=\"06da279\" data-element_type=\"widget\" data-e-type=\"widget\" data-widget_type=\"image.default\">\n\t\t\t\t<div class=\"elementor-widget-container\">\n\t\t\t\t\t\t\t\t\t\t\t\t\t\t\t<img decoding=\"async\" src=\"https:\/\/www.attefallhuset.se\/wp-content\/uploads\/2025\/03\/Storklinten-BRF.png\" title=\"\" alt=\"\" loading=\"lazy\" \/>\t\t\t\t\t\t\t\t\t\t\t\t\t\t\t<\/div>\n\t\t\t\t<\/div>\n\t\t\t\t\t<\/div>\n\t\t<\/div>\n\t\t\t\t\t<\/div>\n\t\t<\/section>\n\t\t\t\t<section class=\"elementor-section elementor-top-section elementor-element elementor-element-a0df4c4 elementor-section-boxed elementor-section-height-default elementor-section-height-default\" data-id=\"a0df4c4\" data-element_type=\"section\" data-e-type=\"section\">\n\t\t\t\t\t\t<div class=\"elementor-container elementor-column-gap-default\">\n\t\t\t\t\t<div class=\"elementor-column elementor-col-100 elementor-top-column elementor-element elementor-element-b74c1d1\" data-id=\"b74c1d1\" data-element_type=\"column\" data-e-type=\"column\">\n\t\t\t<div class=\"elementor-widget-wrap\">\n\t\t\t\t\t\t\t<\/div>\n\t\t<\/div>\n\t\t\t\t\t<\/div>\n\t\t<\/section>\n\t\t\t\t<\/div>","protected":false},"excerpt":{"rendered":"<p>V\u00e4lkommen till Attefallhuset.se \u2013 Specialister p\u00e5 Attefallshus och Fritidshus i Sverige Attefallhuset \u00e4r en del av Fj\u00e4llproduktioner AB och en ledande akt\u00f6r inom tillverkning och byggnation av komplementbyggnader \/ &#8221;Attefallshus&#8221;, fritidshus och bolundare \u00f6ver hela Sverige. V\u00e5r passion \u00e4r att skapa h\u00e5llbara, prisv\u00e4rda och h\u00f6gkvalitativa sm\u00e5hus som m\u00f6ter moderna krav p\u00e5 design, funktion och h\u00e5llbarhet. &hellip; <a href=\"https:\/\/www.attefallhuset.se\/en\/about-us\/\" class=\"more-link\">Continue reading<span class=\"screen-reader-text\"> &#8221;About us&#8221;<\/span><\/a><\/p>","protected":false},"author":1,"featured_media":0,"parent":0,"menu_order":0,"comment_status":"closed","ping_status":"closed","template":"","meta":{"ngg_post_thumbnail":0,"footnotes":""},"class_list":["post-71","page","type-page","status-publish","hentry"],"yoast_head":"<!-- This site is optimized with the Yoast SEO plugin v27.4 - https:\/\/yoast.com\/product\/yoast-seo-wordpress\/ -->\n<title>About us -<\/title>\n<meta name=\"robots\" content=\"index, follow, max-snippet:-1, max-image-preview:large, max-video-preview:-1\" \/>\n<link rel=\"canonical\" href=\"https:\/\/www.attefallhuset.se\/en\/about-us\/\" \/>\n<meta property=\"og:locale\" content=\"en_US\" \/>\n<meta property=\"og:type\" content=\"article\" \/>\n<meta property=\"og:title\" content=\"About us -\" \/>\n<meta property=\"og:description\" content=\"V\u00e4lkommen till Attefallhuset.se \u2013 Specialister p\u00e5 Attefallshus och Fritidshus i Sverige Attefallhuset \u00e4r en del av Fj\u00e4llproduktioner AB och en ledande akt\u00f6r inom tillverkning och byggnation av komplementbyggnader \/ &#8221;Attefallshus&#8221;, fritidshus och bolundare \u00f6ver hela Sverige. V\u00e5r passion \u00e4r att skapa h\u00e5llbara, prisv\u00e4rda och h\u00f6gkvalitativa sm\u00e5hus som m\u00f6ter moderna krav p\u00e5 design, funktion och h\u00e5llbarhet. &hellip; Continue reading &quot;About us&quot;\" \/>\n<meta property=\"og:url\" content=\"https:\/\/www.attefallhuset.se\/en\/about-us\/\" \/>\n<meta property=\"article:publisher\" content=\"https:\/\/www.facebook.com\/attefallhuset\/\" \/>\n<meta property=\"article:modified_time\" content=\"2025-12-03T10:26:53+00:00\" \/>\n<meta property=\"og:image\" content=\"https:\/\/www.attefallhuset.se\/wp-content\/uploads\/2025\/03\/Storklinten-BRF.png\" \/>\n<meta name=\"twitter:card\" content=\"summary_large_image\" \/>\n<meta name=\"twitter:label1\" content=\"Est. reading time\" \/>\n\t<meta name=\"twitter:data1\" content=\"2 minutes\" \/>\n<script type=\"application\/ld+json\" class=\"yoast-schema-graph\">{\"@context\":\"https:\\\/\\\/schema.org\",\"@graph\":[{\"@type\":\"WebPage\",\"@id\":\"https:\\\/\\\/www.attefallhuset.se\\\/about-us\\\/\",\"url\":\"https:\\\/\\\/www.attefallhuset.se\\\/about-us\\\/\",\"name\":\"About us -\",\"isPartOf\":{\"@id\":\"https:\\\/\\\/www.attefallhuset.se\\\/#website\"},\"primaryImageOfPage\":{\"@id\":\"https:\\\/\\\/www.attefallhuset.se\\\/about-us\\\/#primaryimage\"},\"image\":{\"@id\":\"https:\\\/\\\/www.attefallhuset.se\\\/about-us\\\/#primaryimage\"},\"thumbnailUrl\":\"https:\\\/\\\/www.attefallhuset.se\\\/wp-content\\\/uploads\\\/2025\\\/03\\\/Storklinten-BRF.png\",\"datePublished\":\"2016-03-18T07:23:30+00:00\",\"dateModified\":\"2025-12-03T10:26:53+00:00\",\"breadcrumb\":{\"@id\":\"https:\\\/\\\/www.attefallhuset.se\\\/about-us\\\/#breadcrumb\"},\"inLanguage\":\"en-US\",\"potentialAction\":[{\"@type\":\"ReadAction\",\"target\":[\"https:\\\/\\\/www.attefallhuset.se\\\/about-us\\\/\"]}]},{\"@type\":\"ImageObject\",\"inLanguage\":\"en-US\",\"@id\":\"https:\\\/\\\/www.attefallhuset.se\\\/about-us\\\/#primaryimage\",\"url\":\"https:\\\/\\\/www.attefallhuset.se\\\/wp-content\\\/uploads\\\/2025\\\/03\\\/Storklinten-BRF.png\",\"contentUrl\":\"https:\\\/\\\/www.attefallhuset.se\\\/wp-content\\\/uploads\\\/2025\\\/03\\\/Storklinten-BRF.png\"},{\"@type\":\"BreadcrumbList\",\"@id\":\"https:\\\/\\\/www.attefallhuset.se\\\/about-us\\\/#breadcrumb\",\"itemListElement\":[{\"@type\":\"ListItem\",\"position\":1,\"name\":\"Home\",\"item\":\"https:\\\/\\\/www.attefallhuset.se\\\/\"},{\"@type\":\"ListItem\",\"position\":2,\"name\":\"About us\"}]},{\"@type\":\"WebSite\",\"@id\":\"https:\\\/\\\/www.attefallhuset.se\\\/#website\",\"url\":\"https:\\\/\\\/www.attefallhuset.se\\\/\",\"name\":\"\",\"description\":\"\",\"potentialAction\":[{\"@type\":\"SearchAction\",\"target\":{\"@type\":\"EntryPoint\",\"urlTemplate\":\"https:\\\/\\\/www.attefallhuset.se\\\/?s={search_term_string}\"},\"query-input\":{\"@type\":\"PropertyValueSpecification\",\"valueRequired\":true,\"valueName\":\"search_term_string\"}}],\"inLanguage\":\"en-US\"}]}<\/script>\n<!-- \/ Yoast SEO plugin. -->","yoast_head_json":{"title":"About us -","robots":{"index":"index","follow":"follow","max-snippet":"max-snippet:-1","max-image-preview":"max-image-preview:large","max-video-preview":"max-video-preview:-1"},"canonical":"https:\/\/www.attefallhuset.se\/en\/about-us\/","og_locale":"en_US","og_type":"article","og_title":"About us -","og_description":"V\u00e4lkommen till Attefallhuset.se \u2013 Specialister p\u00e5 Attefallshus och Fritidshus i Sverige Attefallhuset \u00e4r en del av Fj\u00e4llproduktioner AB och en ledande akt\u00f6r inom tillverkning och byggnation av komplementbyggnader \/ &#8221;Attefallshus&#8221;, fritidshus och bolundare \u00f6ver hela Sverige. V\u00e5r passion \u00e4r att skapa h\u00e5llbara, prisv\u00e4rda och h\u00f6gkvalitativa sm\u00e5hus som m\u00f6ter moderna krav p\u00e5 design, funktion och h\u00e5llbarhet. &hellip; Continue reading \"About us\"","og_url":"https:\/\/www.attefallhuset.se\/en\/about-us\/","article_publisher":"https:\/\/www.facebook.com\/attefallhuset\/","article_modified_time":"2025-12-03T10:26:53+00:00","og_image":[{"url":"https:\/\/www.attefallhuset.se\/wp-content\/uploads\/2025\/03\/Storklinten-BRF.png","type":"","width":"","height":""}],"twitter_card":"summary_large_image","twitter_misc":{"Est. reading time":"2 minutes"},"schema":{"@context":"https:\/\/schema.org","@graph":[{"@type":"WebPage","@id":"https:\/\/www.attefallhuset.se\/about-us\/","url":"https:\/\/www.attefallhuset.se\/about-us\/","name":"About us -","isPartOf":{"@id":"https:\/\/www.attefallhuset.se\/#website"},"primaryImageOfPage":{"@id":"https:\/\/www.attefallhuset.se\/about-us\/#primaryimage"},"image":{"@id":"https:\/\/www.attefallhuset.se\/about-us\/#primaryimage"},"thumbnailUrl":"https:\/\/www.attefallhuset.se\/wp-content\/uploads\/2025\/03\/Storklinten-BRF.png","datePublished":"2016-03-18T07:23:30+00:00","dateModified":"2025-12-03T10:26:53+00:00","breadcrumb":{"@id":"https:\/\/www.attefallhuset.se\/about-us\/#breadcrumb"},"inLanguage":"en-US","potentialAction":[{"@type":"ReadAction","target":["https:\/\/www.attefallhuset.se\/about-us\/"]}]},{"@type":"ImageObject","inLanguage":"en-US","@id":"https:\/\/www.attefallhuset.se\/about-us\/#primaryimage","url":"https:\/\/www.attefallhuset.se\/wp-content\/uploads\/2025\/03\/Storklinten-BRF.png","contentUrl":"https:\/\/www.attefallhuset.se\/wp-content\/uploads\/2025\/03\/Storklinten-BRF.png"},{"@type":"BreadcrumbList","@id":"https:\/\/www.attefallhuset.se\/about-us\/#breadcrumb","itemListElement":[{"@type":"ListItem","position":1,"name":"Home","item":"https:\/\/www.attefallhuset.se\/"},{"@type":"ListItem","position":2,"name":"About us"}]},{"@type":"WebSite","@id":"https:\/\/www.attefallhuset.se\/#website","url":"https:\/\/www.attefallhuset.se\/","name":"","description":"","potentialAction":[{"@type":"SearchAction","target":{"@type":"EntryPoint","urlTemplate":"https:\/\/www.attefallhuset.se\/?s={search_term_string}"},"query-input":{"@type":"PropertyValueSpecification","valueRequired":true,"valueName":"search_term_string"}}],"inLanguage":"en-US"}]}},"_links":{"self":[{"href":"https:\/\/www.attefallhuset.se\/en\/wp-json\/wp\/v2\/pages\/71","targetHints":{"allow":["GET"]}}],"collection":[{"href":"https:\/\/www.attefallhuset.se\/en\/wp-json\/wp\/v2\/pages"}],"about":[{"href":"https:\/\/www.attefallhuset.se\/en\/wp-json\/wp\/v2\/types\/page"}],"author":[{"embeddable":true,"href":"https:\/\/www.attefallhuset.se\/en\/wp-json\/wp\/v2\/users\/1"}],"replies":[{"embeddable":true,"href":"https:\/\/www.attefallhuset.se\/en\/wp-json\/wp\/v2\/comments?post=71"}],"version-history":[{"count":68,"href":"https:\/\/www.attefallhuset.se\/en\/wp-json\/wp\/v2\/pages\/71\/revisions"}],"predecessor-version":[{"id":2396,"href":"https:\/\/www.attefallhuset.se\/en\/wp-json\/wp\/v2\/pages\/71\/revisions\/2396"}],"wp:attachment":[{"href":"https:\/\/www.attefallhuset.se\/en\/wp-json\/wp\/v2\/media?parent=71"}],"curies":[{"name":"wp","href":"https:\/\/api.w.org\/{rel}","templated":true}]}}