{"id":7,"date":"2016-03-17T05:08:09","date_gmt":"2016-03-17T05:08:09","guid":{"rendered":"http:\/\/attefallhuset.se\/?page_id=7"},"modified":"2025-12-01T09:45:17","modified_gmt":"2025-12-01T09:45:17","slug":"hem","status":"publish","type":"page","link":"https:\/\/www.attefallhuset.se\/en\/","title":{"rendered":"Hem"},"content":{"rendered":"<div data-elementor-type=\"wp-page\" data-elementor-id=\"7\" class=\"elementor elementor-7\">\n\t\t\t\t\t\t<section class=\"elementor-section elementor-top-section elementor-element elementor-element-6ae090c1 elementor-section-boxed elementor-section-height-default elementor-section-height-default\" data-id=\"6ae090c1\" data-element_type=\"section\" data-e-type=\"section\">\n\t\t\t\t\t\t<div class=\"elementor-container elementor-column-gap-default\">\n\t\t\t\t\t<div class=\"elementor-column elementor-col-100 elementor-top-column elementor-element elementor-element-344bcb4d\" data-id=\"344bcb4d\" data-element_type=\"column\" data-e-type=\"column\">\n\t\t\t<div class=\"elementor-widget-wrap elementor-element-populated\">\n\t\t\t\t\t\t<div class=\"elementor-element elementor-element-27f111c elementor-widget elementor-widget-text-editor\" data-id=\"27f111c\" data-element_type=\"widget\" data-e-type=\"widget\" data-widget_type=\"text-editor.default\">\n\t\t\t\t<div class=\"elementor-widget-container\">\n\t\t\t\t\t\t\t\t\t<h3>V\u00e4lkommen till<\/h3>\n<h2>Attefallhuset<\/h2>\nGod kvalit\u00e9 till lite l\u00e4gre pris sedan \u00e5r 2000! Vi bygger fritidshus och komplementsbyggnader \/ komplementsbost\u00e4der som tidigare kallades Attefallshus.\n\nTillverkat av Svensk furu. Rikst\u00e4ckande service.\n\n<img decoding=\"async\" src=\"http:\/\/attefallhuset.se\/wp-content\/uploads\/2016\/03\/top-view.png\" alt=\"top-view\">\t\t\t\t\t\t\t\t<\/div>\n\t\t\t\t<\/div>\n\t\t\t\t\t<\/div>\n\t\t<\/div>\n\t\t\t\t\t<\/div>\n\t\t<\/section>\n\t\t\t\t<\/div>","protected":false},"excerpt":{"rendered":"<p>V\u00e4lkommen till Attefallhuset God kvalit\u00e9 till lite l\u00e4gre pris sedan \u00e5r 2000! Vi bygger fritidshus och komplementsbyggnader \/ komplementsbost\u00e4der som tidigare kallades Attefallshus. Tillverkat av Svensk furu. Rikst\u00e4ckande service.<\/p>","protected":false},"author":1,"featured_media":0,"parent":0,"menu_order":0,"comment_status":"closed","ping_status":"closed","template":"page-home.php","meta":{"ngg_post_thumbnail":0,"footnotes":""},"class_list":["post-7","page","type-page","status-publish","hentry"],"yoast_head":"<!-- This site is optimized with the Yoast SEO plugin v27.5 - https:\/\/yoast.com\/product\/yoast-seo-wordpress\/ -->\n<title>Tillverkare Attefallshus, Attefallshus med loft,Bygganm\u00e4lan Attefallshus - Attefallhuset.se<\/title>\n<meta name=\"description\" content=\"Attefallhuset.se \u00e4r en tillverkare av attefallshus, nyckelf\u00e4rdiga attefallshus, byggsats och stomresta Attefallshus.\" \/>\n<meta name=\"robots\" content=\"index, follow, max-snippet:-1, max-image-preview:large, max-video-preview:-1\" \/>\n<link rel=\"canonical\" href=\"https:\/\/www.attefallhuset.se\/en\/\" \/>\n<meta property=\"og:locale\" content=\"en_US\" \/>\n<meta property=\"og:type\" content=\"article\" \/>\n<meta property=\"og:title\" content=\"Tillverkare Attefallshus, Attefallshus med loft,Bygganm\u00e4lan Attefallshus - Attefallhuset.se\" \/>\n<meta property=\"og:description\" content=\"Attefallhuset.se \u00e4r en tillverkare av attefallshus, nyckelf\u00e4rdiga attefallshus, byggsats och stomresta Attefallshus.\" \/>\n<meta property=\"og:url\" content=\"https:\/\/www.attefallhuset.se\/en\/\" \/>\n<meta property=\"article:publisher\" content=\"https:\/\/www.facebook.com\/attefallhuset\/\" \/>\n<meta property=\"article:modified_time\" content=\"2025-12-01T09:45:17+00:00\" \/>\n<meta property=\"og:image\" content=\"http:\/\/attefallhuset.se\/wp-content\/uploads\/2016\/03\/top-view.png\" \/>\n<meta name=\"twitter:card\" content=\"summary_large_image\" \/>\n<meta name=\"twitter:label1\" content=\"Est. reading time\" \/>\n\t<meta name=\"twitter:data1\" content=\"1 minute\" \/>\n<script type=\"application\/ld+json\" class=\"yoast-schema-graph\">{\"@context\":\"https:\\\/\\\/schema.org\",\"@graph\":[{\"@type\":\"WebPage\",\"@id\":\"https:\\\/\\\/www.attefallhuset.se\\\/\",\"url\":\"https:\\\/\\\/www.attefallhuset.se\\\/\",\"name\":\"Tillverkare Attefallshus, Attefallshus med loft,Bygganm\u00e4lan Attefallshus - Attefallhuset.se\",\"isPartOf\":{\"@id\":\"https:\\\/\\\/www.attefallhuset.se\\\/#website\"},\"primaryImageOfPage\":{\"@id\":\"https:\\\/\\\/www.attefallhuset.se\\\/#primaryimage\"},\"image\":{\"@id\":\"https:\\\/\\\/www.attefallhuset.se\\\/#primaryimage\"},\"thumbnailUrl\":\"http:\\\/\\\/attefallhuset.se\\\/wp-content\\\/uploads\\\/2016\\\/03\\\/top-view.png\",\"datePublished\":\"2016-03-17T05:08:09+00:00\",\"dateModified\":\"2025-12-01T09:45:17+00:00\",\"description\":\"Attefallhuset.se \u00e4r en tillverkare av attefallshus, nyckelf\u00e4rdiga attefallshus, byggsats och stomresta Attefallshus.\",\"breadcrumb\":{\"@id\":\"https:\\\/\\\/www.attefallhuset.se\\\/#breadcrumb\"},\"inLanguage\":\"en-US\",\"potentialAction\":[{\"@type\":\"ReadAction\",\"target\":[\"https:\\\/\\\/www.attefallhuset.se\\\/\"]}]},{\"@type\":\"ImageObject\",\"inLanguage\":\"en-US\",\"@id\":\"https:\\\/\\\/www.attefallhuset.se\\\/#primaryimage\",\"url\":\"http:\\\/\\\/attefallhuset.se\\\/wp-content\\\/uploads\\\/2016\\\/03\\\/top-view.png\",\"contentUrl\":\"http:\\\/\\\/attefallhuset.se\\\/wp-content\\\/uploads\\\/2016\\\/03\\\/top-view.png\"},{\"@type\":\"BreadcrumbList\",\"@id\":\"https:\\\/\\\/www.attefallhuset.se\\\/#breadcrumb\",\"itemListElement\":[{\"@type\":\"ListItem\",\"position\":1,\"name\":\"Home\",\"item\":\"https:\\\/\\\/www.attefallhuset.se\\\/\"},{\"@type\":\"ListItem\",\"position\":2,\"name\":\"Hem\"}]},{\"@type\":\"WebSite\",\"@id\":\"https:\\\/\\\/www.attefallhuset.se\\\/#website\",\"url\":\"https:\\\/\\\/www.attefallhuset.se\\\/\",\"name\":\"\",\"description\":\"\",\"potentialAction\":[{\"@type\":\"SearchAction\",\"target\":{\"@type\":\"EntryPoint\",\"urlTemplate\":\"https:\\\/\\\/www.attefallhuset.se\\\/?s={search_term_string}\"},\"query-input\":{\"@type\":\"PropertyValueSpecification\",\"valueRequired\":true,\"valueName\":\"search_term_string\"}}],\"inLanguage\":\"en-US\"}]}<\/script>\n<!-- \/ Yoast SEO plugin. -->","yoast_head_json":{"title":"Tillverkare Attefallshus, Attefallshus med loft,Bygganm\u00e4lan Attefallshus - Attefallhuset.se","description":"Attefallhuset.se \u00e4r en tillverkare av attefallshus, nyckelf\u00e4rdiga attefallshus, byggsats och stomresta Attefallshus.","robots":{"index":"index","follow":"follow","max-snippet":"max-snippet:-1","max-image-preview":"max-image-preview:large","max-video-preview":"max-video-preview:-1"},"canonical":"https:\/\/www.attefallhuset.se\/en\/","og_locale":"en_US","og_type":"article","og_title":"Tillverkare Attefallshus, Attefallshus med loft,Bygganm\u00e4lan Attefallshus - Attefallhuset.se","og_description":"Attefallhuset.se \u00e4r en tillverkare av attefallshus, nyckelf\u00e4rdiga attefallshus, byggsats och stomresta Attefallshus.","og_url":"https:\/\/www.attefallhuset.se\/en\/","article_publisher":"https:\/\/www.facebook.com\/attefallhuset\/","article_modified_time":"2025-12-01T09:45:17+00:00","og_image":[{"url":"http:\/\/attefallhuset.se\/wp-content\/uploads\/2016\/03\/top-view.png","type":"","width":"","height":""}],"twitter_card":"summary_large_image","twitter_misc":{"Est. reading time":"1 minute"},"schema":{"@context":"https:\/\/schema.org","@graph":[{"@type":"WebPage","@id":"https:\/\/www.attefallhuset.se\/","url":"https:\/\/www.attefallhuset.se\/","name":"Tillverkare Attefallshus, Attefallshus med loft,Bygganm\u00e4lan Attefallshus - Attefallhuset.se","isPartOf":{"@id":"https:\/\/www.attefallhuset.se\/#website"},"primaryImageOfPage":{"@id":"https:\/\/www.attefallhuset.se\/#primaryimage"},"image":{"@id":"https:\/\/www.attefallhuset.se\/#primaryimage"},"thumbnailUrl":"http:\/\/attefallhuset.se\/wp-content\/uploads\/2016\/03\/top-view.png","datePublished":"2016-03-17T05:08:09+00:00","dateModified":"2025-12-01T09:45:17+00:00","description":"Attefallhuset.se \u00e4r en tillverkare av attefallshus, nyckelf\u00e4rdiga attefallshus, byggsats och stomresta Attefallshus.","breadcrumb":{"@id":"https:\/\/www.attefallhuset.se\/#breadcrumb"},"inLanguage":"en-US","potentialAction":[{"@type":"ReadAction","target":["https:\/\/www.attefallhuset.se\/"]}]},{"@type":"ImageObject","inLanguage":"en-US","@id":"https:\/\/www.attefallhuset.se\/#primaryimage","url":"http:\/\/attefallhuset.se\/wp-content\/uploads\/2016\/03\/top-view.png","contentUrl":"http:\/\/attefallhuset.se\/wp-content\/uploads\/2016\/03\/top-view.png"},{"@type":"BreadcrumbList","@id":"https:\/\/www.attefallhuset.se\/#breadcrumb","itemListElement":[{"@type":"ListItem","position":1,"name":"Home","item":"https:\/\/www.attefallhuset.se\/"},{"@type":"ListItem","position":2,"name":"Hem"}]},{"@type":"WebSite","@id":"https:\/\/www.attefallhuset.se\/#website","url":"https:\/\/www.attefallhuset.se\/","name":"","description":"","potentialAction":[{"@type":"SearchAction","target":{"@type":"EntryPoint","urlTemplate":"https:\/\/www.attefallhuset.se\/?s={search_term_string}"},"query-input":{"@type":"PropertyValueSpecification","valueRequired":true,"valueName":"search_term_string"}}],"inLanguage":"en-US"}]}},"_links":{"self":[{"href":"https:\/\/www.attefallhuset.se\/en\/wp-json\/wp\/v2\/pages\/7","targetHints":{"allow":["GET"]}}],"collection":[{"href":"https:\/\/www.attefallhuset.se\/en\/wp-json\/wp\/v2\/pages"}],"about":[{"href":"https:\/\/www.attefallhuset.se\/en\/wp-json\/wp\/v2\/types\/page"}],"author":[{"embeddable":true,"href":"https:\/\/www.attefallhuset.se\/en\/wp-json\/wp\/v2\/users\/1"}],"replies":[{"embeddable":true,"href":"https:\/\/www.attefallhuset.se\/en\/wp-json\/wp\/v2\/comments?post=7"}],"version-history":[{"count":18,"href":"https:\/\/www.attefallhuset.se\/en\/wp-json\/wp\/v2\/pages\/7\/revisions"}],"predecessor-version":[{"id":2373,"href":"https:\/\/www.attefallhuset.se\/en\/wp-json\/wp\/v2\/pages\/7\/revisions\/2373"}],"wp:attachment":[{"href":"https:\/\/www.attefallhuset.se\/en\/wp-json\/wp\/v2\/media?parent=7"}],"curies":[{"name":"wp","href":"https:\/\/api.w.org\/{rel}","templated":true}]}}