{"id":24,"date":"2016-03-17T05:32:25","date_gmt":"2016-03-17T05:32:25","guid":{"rendered":"http:\/\/attefallhuset.se\/?page_id=24"},"modified":"2025-11-28T08:14:42","modified_gmt":"2025-11-28T08:14:42","slug":"om-attefallhuset-se","status":"publish","type":"page","link":"https:\/\/www.attefallhuset.se\/en\/om-attefallhuset-se\/","title":{"rendered":"OM ATTEFALLHUSET.SE"},"content":{"rendered":"<p class=\"has-black-color has-text-color has-link-color has-medium-font-size wp-elements-57cedeb62b47caa5c80878de9f5d7a21\" style=\"font-style:normal;font-weight:700\">Attefallhuset av Fj\u00e4llproduktioner AB \u2013 Kvalitetshus sedan \u00e5r 2000<\/p>\n\n\n\n<p>Fj\u00e4llproduktioner AB grundades \u00e5r 2000 med en tydlig vision: att erbjuda h\u00e5llbara, moderna och v\u00e4lbyggda hus till rimliga priser. Under mer \u00e4n tv\u00e5 decenniers verksamhet har vi utvecklat, byggt och levererat kvalitetsprodukter f\u00f6r den svenska marknaden \u2013 alltid med fokus p\u00e5 funktion, trygghet och kundnytta.<\/p>\n\n\n\n<p>Vi har specialiserat oss p\u00e5 komplementbostadshus (tidigare Attefallshus) och fritidshus  som kombinerar genomt\u00e4nkt design med robust konstruktion. V\u00e5r filosofi \u00e4r tydlig: god kvalitet ska inte beh\u00f6va kosta mer \u00e4n n\u00f6dv\u00e4ndigt. Genom smarta l\u00f6sningar, effektiva byggprocesser och l\u00e5ng erfarenhet kan vi erbjuda ett prisv\u00e4rt sortiment utan att tumma p\u00e5 materialval eller utf\u00f6rande.<\/p>\n\n\n\n<p>V\u00e5ra popul\u00e4ra hus-serier Storklinten, Skihouse, Solvargen och Attefallhuset, fungerar som kvalitetsst\u00e4mplar f\u00f6r v\u00e5ra produkter. Dessa serier st\u00e5r f\u00f6r trygghet, h\u00e5llbarhet och en produkt som alltid uppfyller aktuella konstruktions- och byggregler. Varje detalj \u2013 fr\u00e5n konstruktion och material till isolering, f\u00f6nster och tak \u2013 v\u00e4ljs f\u00f6r att s\u00e4kerst\u00e4lla en l\u00e5ng livsl\u00e4ngd och en bekv\u00e4m anv\u00e4ndning i det nordiska klimatet.<\/p>\n\n\n\n<p>Vi tar ett helhetsansvar i alla projekt. Det inneb\u00e4r personlig service, snabb \u00e5terkoppling och en n\u00e4ra dialog genom hela processen \u2013 fr\u00e5n best\u00e4llning till f\u00e4rdig leverans. V\u00e5ra leveranser sker inom avtalad tid och till det fastst\u00e4llda priset, utan \u00f6verraskningar.<\/p>\n\n\n\n<p>Kvalitet och milj\u00f6 \u00e4r integrerade delar av v\u00e5r verksamhet. Vi arbetar l\u00f6pande med f\u00f6rb\u00e4ttringar och str\u00e4var efter att certifiera v\u00e5r produktion enligt ISO 9001 (kvalitet) och ISO 14001 (milj\u00f6) f\u00f6r att ytterligare st\u00e4rka v\u00e5r struktur och h\u00e5llbarhetsprofil.<\/p>\n\n\n\n<p>Fj\u00e4llproduktioner AB ser fram emot att f\u00e5 ert f\u00f6rtroende och leverera ett hus som m\u00f6ter era behov \u2013 med stabil konstruktion, h\u00f6g kvalitet och r\u00e4tt prisbild. Vi bygger f\u00f6r att h\u00e5lla, och vi bygger f\u00f6r att&nbsp;ni&nbsp;ska&nbsp;trivas.<\/p>","protected":false},"excerpt":{"rendered":"<p>Attefallhuset av Fj\u00e4llproduktioner AB \u2013 Kvalitetshus sedan \u00e5r 2000 Fj\u00e4llproduktioner AB grundades \u00e5r 2000 med en tydlig vision: att erbjuda h\u00e5llbara, moderna och v\u00e4lbyggda hus till rimliga priser. Under mer \u00e4n tv\u00e5 decenniers verksamhet har vi utvecklat, byggt och levererat kvalitetsprodukter f\u00f6r den svenska marknaden \u2013 alltid med fokus p\u00e5 funktion, trygghet och kundnytta. Vi &hellip; <a href=\"https:\/\/www.attefallhuset.se\/en\/om-attefallhuset-se\/\" class=\"more-link\">Continue reading<span class=\"screen-reader-text\"> &#8221;OM ATTEFALLHUSET.SE&#8221;<\/span><\/a><\/p>","protected":false},"author":1,"featured_media":0,"parent":0,"menu_order":0,"comment_status":"closed","ping_status":"closed","template":"","meta":{"ngg_post_thumbnail":0,"footnotes":""},"class_list":["post-24","page","type-page","status-publish","hentry"],"yoast_head":"<!-- This site is optimized with the Yoast SEO plugin v27.4 - https:\/\/yoast.com\/product\/yoast-seo-wordpress\/ -->\n<title>Om oss | Attefallshus Sales | Handla om Attefallhuset.se<\/title>\n<meta name=\"description\" content=\"Attefallhuset.se grundades \u00e5r 2000 sedan erbjuder vi brett utbud av fritidshus och attefallshus till konkurrenskraftiga priser.\" \/>\n<meta name=\"robots\" content=\"index, follow, max-snippet:-1, max-image-preview:large, max-video-preview:-1\" \/>\n<link rel=\"canonical\" href=\"https:\/\/www.attefallhuset.se\/en\/om-attefallhuset-se\/\" \/>\n<meta property=\"og:locale\" content=\"en_US\" \/>\n<meta property=\"og:type\" content=\"article\" \/>\n<meta property=\"og:title\" content=\"Om oss | Attefallshus Sales | Handla om Attefallhuset.se\" \/>\n<meta property=\"og:description\" content=\"Attefallhuset.se grundades \u00e5r 2000 sedan erbjuder vi brett utbud av fritidshus och attefallshus till konkurrenskraftiga priser.\" \/>\n<meta property=\"og:url\" content=\"https:\/\/www.attefallhuset.se\/en\/om-attefallhuset-se\/\" \/>\n<meta property=\"article:publisher\" content=\"https:\/\/www.facebook.com\/attefallhuset\/\" \/>\n<meta property=\"article:modified_time\" content=\"2025-11-28T08:14:42+00:00\" \/>\n<meta name=\"twitter:card\" content=\"summary_large_image\" \/>\n<meta name=\"twitter:label1\" content=\"Est. reading time\" \/>\n\t<meta name=\"twitter:data1\" content=\"2 minutes\" \/>\n<script type=\"application\/ld+json\" class=\"yoast-schema-graph\">{\"@context\":\"https:\\\/\\\/schema.org\",\"@graph\":[{\"@type\":\"WebPage\",\"@id\":\"https:\\\/\\\/www.attefallhuset.se\\\/om-attefallhuset-se\\\/\",\"url\":\"https:\\\/\\\/www.attefallhuset.se\\\/om-attefallhuset-se\\\/\",\"name\":\"Om oss | Attefallshus Sales | Handla om Attefallhuset.se\",\"isPartOf\":{\"@id\":\"https:\\\/\\\/www.attefallhuset.se\\\/#website\"},\"datePublished\":\"2016-03-17T05:32:25+00:00\",\"dateModified\":\"2025-11-28T08:14:42+00:00\",\"description\":\"Attefallhuset.se grundades \u00e5r 2000 sedan erbjuder vi brett utbud av fritidshus och attefallshus till konkurrenskraftiga priser.\",\"breadcrumb\":{\"@id\":\"https:\\\/\\\/www.attefallhuset.se\\\/om-attefallhuset-se\\\/#breadcrumb\"},\"inLanguage\":\"en-US\",\"potentialAction\":[{\"@type\":\"ReadAction\",\"target\":[\"https:\\\/\\\/www.attefallhuset.se\\\/om-attefallhuset-se\\\/\"]}]},{\"@type\":\"BreadcrumbList\",\"@id\":\"https:\\\/\\\/www.attefallhuset.se\\\/om-attefallhuset-se\\\/#breadcrumb\",\"itemListElement\":[{\"@type\":\"ListItem\",\"position\":1,\"name\":\"Home\",\"item\":\"https:\\\/\\\/www.attefallhuset.se\\\/\"},{\"@type\":\"ListItem\",\"position\":2,\"name\":\"OM ATTEFALLHUSET.SE\"}]},{\"@type\":\"WebSite\",\"@id\":\"https:\\\/\\\/www.attefallhuset.se\\\/#website\",\"url\":\"https:\\\/\\\/www.attefallhuset.se\\\/\",\"name\":\"\",\"description\":\"\",\"potentialAction\":[{\"@type\":\"SearchAction\",\"target\":{\"@type\":\"EntryPoint\",\"urlTemplate\":\"https:\\\/\\\/www.attefallhuset.se\\\/?s={search_term_string}\"},\"query-input\":{\"@type\":\"PropertyValueSpecification\",\"valueRequired\":true,\"valueName\":\"search_term_string\"}}],\"inLanguage\":\"en-US\"}]}<\/script>\n<!-- \/ Yoast SEO plugin. -->","yoast_head_json":{"title":"Om oss | Attefallshus Sales | Handla om Attefallhuset.se","description":"Attefallhuset.se grundades \u00e5r 2000 sedan erbjuder vi brett utbud av fritidshus och attefallshus till konkurrenskraftiga priser.","robots":{"index":"index","follow":"follow","max-snippet":"max-snippet:-1","max-image-preview":"max-image-preview:large","max-video-preview":"max-video-preview:-1"},"canonical":"https:\/\/www.attefallhuset.se\/en\/om-attefallhuset-se\/","og_locale":"en_US","og_type":"article","og_title":"Om oss | Attefallshus Sales | Handla om Attefallhuset.se","og_description":"Attefallhuset.se grundades \u00e5r 2000 sedan erbjuder vi brett utbud av fritidshus och attefallshus till konkurrenskraftiga priser.","og_url":"https:\/\/www.attefallhuset.se\/en\/om-attefallhuset-se\/","article_publisher":"https:\/\/www.facebook.com\/attefallhuset\/","article_modified_time":"2025-11-28T08:14:42+00:00","twitter_card":"summary_large_image","twitter_misc":{"Est. reading time":"2 minutes"},"schema":{"@context":"https:\/\/schema.org","@graph":[{"@type":"WebPage","@id":"https:\/\/www.attefallhuset.se\/om-attefallhuset-se\/","url":"https:\/\/www.attefallhuset.se\/om-attefallhuset-se\/","name":"Om oss | Attefallshus Sales | Handla om Attefallhuset.se","isPartOf":{"@id":"https:\/\/www.attefallhuset.se\/#website"},"datePublished":"2016-03-17T05:32:25+00:00","dateModified":"2025-11-28T08:14:42+00:00","description":"Attefallhuset.se grundades \u00e5r 2000 sedan erbjuder vi brett utbud av fritidshus och attefallshus till konkurrenskraftiga priser.","breadcrumb":{"@id":"https:\/\/www.attefallhuset.se\/om-attefallhuset-se\/#breadcrumb"},"inLanguage":"en-US","potentialAction":[{"@type":"ReadAction","target":["https:\/\/www.attefallhuset.se\/om-attefallhuset-se\/"]}]},{"@type":"BreadcrumbList","@id":"https:\/\/www.attefallhuset.se\/om-attefallhuset-se\/#breadcrumb","itemListElement":[{"@type":"ListItem","position":1,"name":"Home","item":"https:\/\/www.attefallhuset.se\/"},{"@type":"ListItem","position":2,"name":"OM ATTEFALLHUSET.SE"}]},{"@type":"WebSite","@id":"https:\/\/www.attefallhuset.se\/#website","url":"https:\/\/www.attefallhuset.se\/","name":"","description":"","potentialAction":[{"@type":"SearchAction","target":{"@type":"EntryPoint","urlTemplate":"https:\/\/www.attefallhuset.se\/?s={search_term_string}"},"query-input":{"@type":"PropertyValueSpecification","valueRequired":true,"valueName":"search_term_string"}}],"inLanguage":"en-US"}]}},"_links":{"self":[{"href":"https:\/\/www.attefallhuset.se\/en\/wp-json\/wp\/v2\/pages\/24","targetHints":{"allow":["GET"]}}],"collection":[{"href":"https:\/\/www.attefallhuset.se\/en\/wp-json\/wp\/v2\/pages"}],"about":[{"href":"https:\/\/www.attefallhuset.se\/en\/wp-json\/wp\/v2\/types\/page"}],"author":[{"embeddable":true,"href":"https:\/\/www.attefallhuset.se\/en\/wp-json\/wp\/v2\/users\/1"}],"replies":[{"embeddable":true,"href":"https:\/\/www.attefallhuset.se\/en\/wp-json\/wp\/v2\/comments?post=24"}],"version-history":[{"count":11,"href":"https:\/\/www.attefallhuset.se\/en\/wp-json\/wp\/v2\/pages\/24\/revisions"}],"predecessor-version":[{"id":2348,"href":"https:\/\/www.attefallhuset.se\/en\/wp-json\/wp\/v2\/pages\/24\/revisions\/2348"}],"wp:attachment":[{"href":"https:\/\/www.attefallhuset.se\/en\/wp-json\/wp\/v2\/media?parent=24"}],"curies":[{"name":"wp","href":"https:\/\/api.w.org\/{rel}","templated":true}]}}