{"id":22,"date":"2016-03-17T05:32:15","date_gmt":"2016-03-17T05:32:15","guid":{"rendered":"http:\/\/attefallhuset.se\/?page_id=22"},"modified":"2023-04-02T16:54:19","modified_gmt":"2023-04-02T16:54:19","slug":"bygganmalan","status":"publish","type":"page","link":"https:\/\/www.attefallhuset.se\/en\/bygganmalan\/","title":{"rendered":"BYGGANM\u00c4LAN"},"content":{"rendered":"<p><img decoding=\"async\" src=\"http:\/\/attefallhuset.se\/wp-content\/uploads\/2016\/03\/bygganmalan.jpg\" alt=\"bygganmalan\"><\/p>\n<h3>Bygganm\u00e4lan<\/h3>\n<p>F\u00f6r att f\u00e5 bygga ett Attefallshus eller annan komplementsbyggnad kr\u00e4vs en bygganm\u00e4lan till din kommuns stadsbyggnadskontor.  Du hittar l\u00e4nken till din kommuns informationssida om Attefallshus h\u00e4r nedan.  Tillsammans med anm\u00e4lningsblanketten som du ocks\u00e5 hittar nedan skall du bifoga arkitektritningar best\u00e5ende av fasad, plan sektion och situationsritning.<\/p>\n<p>Ritningar till v\u00e5ra Attefallshus g\u00e5r att ladda ner h\u00e4r p\u00e5 hemsidan.<\/p>\n<p>\u00d6nskar du ritningar per post , kan du kontakta v\u00e5r kundtj\u00e4nst p\u00e5 0920-220740 eller skicka ett mail.<\/p>\n<p>Situationsritningen (tomtkartan) kan du om du inte har den best\u00e4lla hos ditt lokala stadsbyggnadskontor.<\/p>\n<p>I vissa fall kr\u00e4vs en certifierad kontrollansvarig vid byggnation av kompelementbost\u00e4der eller andra komplementsbyggnader<\/p>\n<p>Du kan l\u00e4sa mer om bygglovsbefriade \u00e5tg\u00e4rder p\u00e5 Boverkets hemsida :<\/p>\n<p><a href=\"http:\/\/www.boverket.se\/sv\/om-boverket\/guider\/guide-anmalan-for-bygglovsbefriade-atgarder\/\">http:\/\/www.boverket.se\/sv\/om-boverket\/guider\/guide-anmalan-for-bygglovsbefriade-atgarder\/<\/a><\/p>\n<p>Beh\u00f6ver du en kontrollansvarig f\u00f6r ditt projekt ? H\u00e4r hittar du alla som \u00e4r certifierade:<\/p>\n<p><a href=\"http:\/\/www.boverket.se\/sv\/om-boverket\/tjanster\/hitta-certifierade\/\">http:\/\/www.boverket.se\/sv\/om-boverket\/tjanster\/hitta-certifierade\/<\/a><\/p>\n<p>Klicka p\u00e5 kartan nedan f\u00f6r att hitta blanketten f\u00f6r bygganm\u00e4lan hos din kommuns stadsbyggnadskontor.  Du hittar \u00e4ven l\u00e4nken till din kommuns information om bygglovsbefriade \u00e5tg\u00e4rder.<\/p>","protected":false},"excerpt":{"rendered":"<p>Bygganm\u00e4lan F\u00f6r att f\u00e5 bygga ett Attefallshus eller annan komplementsbyggnad kr\u00e4vs en bygganm\u00e4lan till din kommuns stadsbyggnadskontor. Du hittar l\u00e4nken till din kommuns informationssida om Attefallshus h\u00e4r nedan. Tillsammans med anm\u00e4lningsblanketten som du ocks\u00e5 hittar nedan skall du bifoga arkitektritningar best\u00e5ende av fasad, plan sektion och situationsritning. Ritningar till v\u00e5ra Attefallshus g\u00e5r att ladda ner &hellip; <a href=\"https:\/\/www.attefallhuset.se\/en\/bygganmalan\/\" class=\"more-link\">Continue reading<span class=\"screen-reader-text\"> &#8221;BYGGANM\u00c4LAN&#8221;<\/span><\/a><\/p>","protected":false},"author":1,"featured_media":0,"parent":0,"menu_order":0,"comment_status":"closed","ping_status":"closed","template":"page-bygganmalan.php","meta":{"ngg_post_thumbnail":0,"footnotes":""},"class_list":["post-22","page","type-page","status-publish","hentry"],"yoast_head":"<!-- This site is optimized with the Yoast SEO plugin v27.4 - https:\/\/yoast.com\/product\/yoast-seo-wordpress\/ -->\n<title>Bygganm\u00e4lan Attefallshus, friggebod nya regler - Attefallhuset.se<\/title>\n<meta name=\"description\" content=\"F\u00f6r att bygga attefallshus eller annan bygglovsbefriad komplementbyggnad kr\u00e4vs en bygganm\u00e4lan. Dena an\u00e4lan skickas till din kommuns stadsbyggnadskontor.\" \/>\n<meta name=\"robots\" content=\"index, follow, max-snippet:-1, max-image-preview:large, max-video-preview:-1\" \/>\n<link rel=\"canonical\" href=\"https:\/\/www.attefallhuset.se\/en\/bygganmalan\/\" \/>\n<meta property=\"og:locale\" content=\"en_US\" \/>\n<meta property=\"og:type\" content=\"article\" \/>\n<meta property=\"og:title\" content=\"Bygganm\u00e4lan Attefallshus, friggebod nya regler - Attefallhuset.se\" \/>\n<meta property=\"og:description\" content=\"F\u00f6r att bygga attefallshus eller annan bygglovsbefriad komplementbyggnad kr\u00e4vs en bygganm\u00e4lan. Dena an\u00e4lan skickas till din kommuns stadsbyggnadskontor.\" \/>\n<meta property=\"og:url\" content=\"https:\/\/www.attefallhuset.se\/en\/bygganmalan\/\" \/>\n<meta property=\"article:publisher\" content=\"https:\/\/www.facebook.com\/attefallhuset\/\" \/>\n<meta property=\"article:modified_time\" content=\"2023-04-02T16:54:19+00:00\" \/>\n<meta property=\"og:image\" content=\"http:\/\/attefallhuset.se\/wp-content\/uploads\/2016\/03\/bygganmalan.jpg\" \/>\n<meta name=\"twitter:card\" content=\"summary_large_image\" \/>\n<meta name=\"twitter:label1\" content=\"Est. reading time\" \/>\n\t<meta name=\"twitter:data1\" content=\"1 minute\" \/>\n<script type=\"application\/ld+json\" class=\"yoast-schema-graph\">{\"@context\":\"https:\\\/\\\/schema.org\",\"@graph\":[{\"@type\":\"WebPage\",\"@id\":\"https:\\\/\\\/www.attefallhuset.se\\\/bygganmalan\\\/\",\"url\":\"https:\\\/\\\/www.attefallhuset.se\\\/bygganmalan\\\/\",\"name\":\"Bygganm\u00e4lan Attefallshus, friggebod nya regler - Attefallhuset.se\",\"isPartOf\":{\"@id\":\"https:\\\/\\\/www.attefallhuset.se\\\/#website\"},\"primaryImageOfPage\":{\"@id\":\"https:\\\/\\\/www.attefallhuset.se\\\/bygganmalan\\\/#primaryimage\"},\"image\":{\"@id\":\"https:\\\/\\\/www.attefallhuset.se\\\/bygganmalan\\\/#primaryimage\"},\"thumbnailUrl\":\"http:\\\/\\\/attefallhuset.se\\\/wp-content\\\/uploads\\\/2016\\\/03\\\/bygganmalan.jpg\",\"datePublished\":\"2016-03-17T05:32:15+00:00\",\"dateModified\":\"2023-04-02T16:54:19+00:00\",\"description\":\"F\u00f6r att bygga attefallshus eller annan bygglovsbefriad komplementbyggnad kr\u00e4vs en bygganm\u00e4lan. Dena an\u00e4lan skickas till din kommuns stadsbyggnadskontor.\",\"breadcrumb\":{\"@id\":\"https:\\\/\\\/www.attefallhuset.se\\\/bygganmalan\\\/#breadcrumb\"},\"inLanguage\":\"en-US\",\"potentialAction\":[{\"@type\":\"ReadAction\",\"target\":[\"https:\\\/\\\/www.attefallhuset.se\\\/bygganmalan\\\/\"]}]},{\"@type\":\"ImageObject\",\"inLanguage\":\"en-US\",\"@id\":\"https:\\\/\\\/www.attefallhuset.se\\\/bygganmalan\\\/#primaryimage\",\"url\":\"http:\\\/\\\/attefallhuset.se\\\/wp-content\\\/uploads\\\/2016\\\/03\\\/bygganmalan.jpg\",\"contentUrl\":\"http:\\\/\\\/attefallhuset.se\\\/wp-content\\\/uploads\\\/2016\\\/03\\\/bygganmalan.jpg\"},{\"@type\":\"BreadcrumbList\",\"@id\":\"https:\\\/\\\/www.attefallhuset.se\\\/bygganmalan\\\/#breadcrumb\",\"itemListElement\":[{\"@type\":\"ListItem\",\"position\":1,\"name\":\"Home\",\"item\":\"https:\\\/\\\/www.attefallhuset.se\\\/\"},{\"@type\":\"ListItem\",\"position\":2,\"name\":\"BYGGANM\u00c4LAN\"}]},{\"@type\":\"WebSite\",\"@id\":\"https:\\\/\\\/www.attefallhuset.se\\\/#website\",\"url\":\"https:\\\/\\\/www.attefallhuset.se\\\/\",\"name\":\"\",\"description\":\"\",\"potentialAction\":[{\"@type\":\"SearchAction\",\"target\":{\"@type\":\"EntryPoint\",\"urlTemplate\":\"https:\\\/\\\/www.attefallhuset.se\\\/?s={search_term_string}\"},\"query-input\":{\"@type\":\"PropertyValueSpecification\",\"valueRequired\":true,\"valueName\":\"search_term_string\"}}],\"inLanguage\":\"en-US\"}]}<\/script>\n<!-- \/ Yoast SEO plugin. -->","yoast_head_json":{"title":"Bygganm\u00e4lan Attefallshus, friggebod nya regler - Attefallhuset.se","description":"F\u00f6r att bygga attefallshus eller annan bygglovsbefriad komplementbyggnad kr\u00e4vs en bygganm\u00e4lan. Dena an\u00e4lan skickas till din kommuns stadsbyggnadskontor.","robots":{"index":"index","follow":"follow","max-snippet":"max-snippet:-1","max-image-preview":"max-image-preview:large","max-video-preview":"max-video-preview:-1"},"canonical":"https:\/\/www.attefallhuset.se\/en\/bygganmalan\/","og_locale":"en_US","og_type":"article","og_title":"Bygganm\u00e4lan Attefallshus, friggebod nya regler - Attefallhuset.se","og_description":"F\u00f6r att bygga attefallshus eller annan bygglovsbefriad komplementbyggnad kr\u00e4vs en bygganm\u00e4lan. Dena an\u00e4lan skickas till din kommuns stadsbyggnadskontor.","og_url":"https:\/\/www.attefallhuset.se\/en\/bygganmalan\/","article_publisher":"https:\/\/www.facebook.com\/attefallhuset\/","article_modified_time":"2023-04-02T16:54:19+00:00","og_image":[{"url":"http:\/\/attefallhuset.se\/wp-content\/uploads\/2016\/03\/bygganmalan.jpg","type":"","width":"","height":""}],"twitter_card":"summary_large_image","twitter_misc":{"Est. reading time":"1 minute"},"schema":{"@context":"https:\/\/schema.org","@graph":[{"@type":"WebPage","@id":"https:\/\/www.attefallhuset.se\/bygganmalan\/","url":"https:\/\/www.attefallhuset.se\/bygganmalan\/","name":"Bygganm\u00e4lan Attefallshus, friggebod nya regler - Attefallhuset.se","isPartOf":{"@id":"https:\/\/www.attefallhuset.se\/#website"},"primaryImageOfPage":{"@id":"https:\/\/www.attefallhuset.se\/bygganmalan\/#primaryimage"},"image":{"@id":"https:\/\/www.attefallhuset.se\/bygganmalan\/#primaryimage"},"thumbnailUrl":"http:\/\/attefallhuset.se\/wp-content\/uploads\/2016\/03\/bygganmalan.jpg","datePublished":"2016-03-17T05:32:15+00:00","dateModified":"2023-04-02T16:54:19+00:00","description":"F\u00f6r att bygga attefallshus eller annan bygglovsbefriad komplementbyggnad kr\u00e4vs en bygganm\u00e4lan. Dena an\u00e4lan skickas till din kommuns stadsbyggnadskontor.","breadcrumb":{"@id":"https:\/\/www.attefallhuset.se\/bygganmalan\/#breadcrumb"},"inLanguage":"en-US","potentialAction":[{"@type":"ReadAction","target":["https:\/\/www.attefallhuset.se\/bygganmalan\/"]}]},{"@type":"ImageObject","inLanguage":"en-US","@id":"https:\/\/www.attefallhuset.se\/bygganmalan\/#primaryimage","url":"http:\/\/attefallhuset.se\/wp-content\/uploads\/2016\/03\/bygganmalan.jpg","contentUrl":"http:\/\/attefallhuset.se\/wp-content\/uploads\/2016\/03\/bygganmalan.jpg"},{"@type":"BreadcrumbList","@id":"https:\/\/www.attefallhuset.se\/bygganmalan\/#breadcrumb","itemListElement":[{"@type":"ListItem","position":1,"name":"Home","item":"https:\/\/www.attefallhuset.se\/"},{"@type":"ListItem","position":2,"name":"BYGGANM\u00c4LAN"}]},{"@type":"WebSite","@id":"https:\/\/www.attefallhuset.se\/#website","url":"https:\/\/www.attefallhuset.se\/","name":"","description":"","potentialAction":[{"@type":"SearchAction","target":{"@type":"EntryPoint","urlTemplate":"https:\/\/www.attefallhuset.se\/?s={search_term_string}"},"query-input":{"@type":"PropertyValueSpecification","valueRequired":true,"valueName":"search_term_string"}}],"inLanguage":"en-US"}]}},"_links":{"self":[{"href":"https:\/\/www.attefallhuset.se\/en\/wp-json\/wp\/v2\/pages\/22","targetHints":{"allow":["GET"]}}],"collection":[{"href":"https:\/\/www.attefallhuset.se\/en\/wp-json\/wp\/v2\/pages"}],"about":[{"href":"https:\/\/www.attefallhuset.se\/en\/wp-json\/wp\/v2\/types\/page"}],"author":[{"embeddable":true,"href":"https:\/\/www.attefallhuset.se\/en\/wp-json\/wp\/v2\/users\/1"}],"replies":[{"embeddable":true,"href":"https:\/\/www.attefallhuset.se\/en\/wp-json\/wp\/v2\/comments?post=22"}],"version-history":[{"count":7,"href":"https:\/\/www.attefallhuset.se\/en\/wp-json\/wp\/v2\/pages\/22\/revisions"}],"predecessor-version":[{"id":2108,"href":"https:\/\/www.attefallhuset.se\/en\/wp-json\/wp\/v2\/pages\/22\/revisions\/2108"}],"wp:attachment":[{"href":"https:\/\/www.attefallhuset.se\/en\/wp-json\/wp\/v2\/media?parent=22"}],"curies":[{"name":"wp","href":"https:\/\/api.w.org\/{rel}","templated":true}]}}