{"id":20,"date":"2016-03-17T05:31:56","date_gmt":"2016-03-17T05:31:56","guid":{"rendered":"http:\/\/attefallhuset.se\/?page_id=20"},"modified":"2025-12-03T09:11:26","modified_gmt":"2025-12-03T09:11:26","slug":"kontaktaoss","status":"publish","type":"page","link":"https:\/\/www.attefallhuset.se\/en\/kontaktaoss\/","title":{"rendered":"V\u00e4lkommen att kontakta oss"},"content":{"rendered":"<h3>Jag vill bli kontaktad<\/h3>\n<p>Fyll i formul\u00e4ret s\u00e5 kontaktar vi dig.<\/p>","protected":false},"excerpt":{"rendered":"<p>Jag vill bli kontaktad Fyll i formul\u00e4ret s\u00e5 kontaktar vi dig.<\/p>","protected":false},"author":1,"featured_media":0,"parent":0,"menu_order":0,"comment_status":"closed","ping_status":"closed","template":"page-contact.php","meta":{"ngg_post_thumbnail":0,"footnotes":""},"class_list":["post-20","page","type-page","status-publish","hentry"],"yoast_head":"<!-- This site is optimized with the Yoast SEO plugin v27.6 - https:\/\/yoast.com\/product\/yoast-seo-wordpress\/ -->\n<title>Kontakta oss | Kontakta Attefallhuset.se<\/title>\n<meta name=\"description\" content=\"Kontakta Attefallhuset.se s\u00e5 hj\u00e4lper en s\u00e4ljare dig att hitta det b\u00e4sta Attefallshuset eller komplementbostaden. Nyckelf\u00e4rdigt eller byggsats. Alltid till l\u00e4gsta pris\" \/>\n<meta name=\"robots\" content=\"index, follow, max-snippet:-1, max-image-preview:large, max-video-preview:-1\" \/>\n<link rel=\"canonical\" href=\"https:\/\/www.attefallhuset.se\/en\/kontaktaoss\/\" \/>\n<meta property=\"og:locale\" content=\"en_US\" \/>\n<meta property=\"og:type\" content=\"article\" \/>\n<meta property=\"og:title\" content=\"Kontakta oss | Kontakta Attefallhuset.se\" \/>\n<meta property=\"og:description\" content=\"Kontakta Attefallhuset.se s\u00e5 hj\u00e4lper en s\u00e4ljare dig att hitta det b\u00e4sta Attefallshuset eller komplementbostaden. Nyckelf\u00e4rdigt eller byggsats. Alltid till l\u00e4gsta pris\" \/>\n<meta property=\"og:url\" content=\"https:\/\/www.attefallhuset.se\/en\/kontaktaoss\/\" \/>\n<meta property=\"article:publisher\" content=\"https:\/\/www.facebook.com\/attefallhuset\/\" \/>\n<meta property=\"article:modified_time\" content=\"2025-12-03T09:11:26+00:00\" \/>\n<meta name=\"twitter:card\" content=\"summary_large_image\" \/>\n<meta name=\"twitter:label1\" content=\"Est. reading time\" \/>\n\t<meta name=\"twitter:data1\" content=\"1 minute\" \/>\n<script type=\"application\/ld+json\" class=\"yoast-schema-graph\">{\"@context\":\"https:\\\/\\\/schema.org\",\"@graph\":[{\"@type\":\"WebPage\",\"@id\":\"https:\\\/\\\/www.attefallhuset.se\\\/kontaktaoss\\\/\",\"url\":\"https:\\\/\\\/www.attefallhuset.se\\\/kontaktaoss\\\/\",\"name\":\"Kontakta oss | Kontakta Attefallhuset.se\",\"isPartOf\":{\"@id\":\"https:\\\/\\\/www.attefallhuset.se\\\/#website\"},\"datePublished\":\"2016-03-17T05:31:56+00:00\",\"dateModified\":\"2025-12-03T09:11:26+00:00\",\"description\":\"Kontakta Attefallhuset.se s\u00e5 hj\u00e4lper en s\u00e4ljare dig att hitta det b\u00e4sta Attefallshuset eller komplementbostaden. Nyckelf\u00e4rdigt eller byggsats. Alltid till l\u00e4gsta pris\",\"breadcrumb\":{\"@id\":\"https:\\\/\\\/www.attefallhuset.se\\\/kontaktaoss\\\/#breadcrumb\"},\"inLanguage\":\"en-US\",\"potentialAction\":[{\"@type\":\"ReadAction\",\"target\":[\"https:\\\/\\\/www.attefallhuset.se\\\/kontaktaoss\\\/\"]}]},{\"@type\":\"BreadcrumbList\",\"@id\":\"https:\\\/\\\/www.attefallhuset.se\\\/kontaktaoss\\\/#breadcrumb\",\"itemListElement\":[{\"@type\":\"ListItem\",\"position\":1,\"name\":\"Home\",\"item\":\"https:\\\/\\\/www.attefallhuset.se\\\/\"},{\"@type\":\"ListItem\",\"position\":2,\"name\":\"V\u00e4lkommen att kontakta oss\"}]},{\"@type\":\"WebSite\",\"@id\":\"https:\\\/\\\/www.attefallhuset.se\\\/#website\",\"url\":\"https:\\\/\\\/www.attefallhuset.se\\\/\",\"name\":\"\",\"description\":\"\",\"potentialAction\":[{\"@type\":\"SearchAction\",\"target\":{\"@type\":\"EntryPoint\",\"urlTemplate\":\"https:\\\/\\\/www.attefallhuset.se\\\/?s={search_term_string}\"},\"query-input\":{\"@type\":\"PropertyValueSpecification\",\"valueRequired\":true,\"valueName\":\"search_term_string\"}}],\"inLanguage\":\"en-US\"}]}<\/script>\n<!-- \/ Yoast SEO plugin. -->","yoast_head_json":{"title":"Kontakta oss | Kontakta Attefallhuset.se","description":"Kontakta Attefallhuset.se s\u00e5 hj\u00e4lper en s\u00e4ljare dig att hitta det b\u00e4sta Attefallshuset eller komplementbostaden. Nyckelf\u00e4rdigt eller byggsats. Alltid till l\u00e4gsta pris","robots":{"index":"index","follow":"follow","max-snippet":"max-snippet:-1","max-image-preview":"max-image-preview:large","max-video-preview":"max-video-preview:-1"},"canonical":"https:\/\/www.attefallhuset.se\/en\/kontaktaoss\/","og_locale":"en_US","og_type":"article","og_title":"Kontakta oss | Kontakta Attefallhuset.se","og_description":"Kontakta Attefallhuset.se s\u00e5 hj\u00e4lper en s\u00e4ljare dig att hitta det b\u00e4sta Attefallshuset eller komplementbostaden. Nyckelf\u00e4rdigt eller byggsats. Alltid till l\u00e4gsta pris","og_url":"https:\/\/www.attefallhuset.se\/en\/kontaktaoss\/","article_publisher":"https:\/\/www.facebook.com\/attefallhuset\/","article_modified_time":"2025-12-03T09:11:26+00:00","twitter_card":"summary_large_image","twitter_misc":{"Est. reading time":"1 minute"},"schema":{"@context":"https:\/\/schema.org","@graph":[{"@type":"WebPage","@id":"https:\/\/www.attefallhuset.se\/kontaktaoss\/","url":"https:\/\/www.attefallhuset.se\/kontaktaoss\/","name":"Kontakta oss | Kontakta Attefallhuset.se","isPartOf":{"@id":"https:\/\/www.attefallhuset.se\/#website"},"datePublished":"2016-03-17T05:31:56+00:00","dateModified":"2025-12-03T09:11:26+00:00","description":"Kontakta Attefallhuset.se s\u00e5 hj\u00e4lper en s\u00e4ljare dig att hitta det b\u00e4sta Attefallshuset eller komplementbostaden. Nyckelf\u00e4rdigt eller byggsats. Alltid till l\u00e4gsta pris","breadcrumb":{"@id":"https:\/\/www.attefallhuset.se\/kontaktaoss\/#breadcrumb"},"inLanguage":"en-US","potentialAction":[{"@type":"ReadAction","target":["https:\/\/www.attefallhuset.se\/kontaktaoss\/"]}]},{"@type":"BreadcrumbList","@id":"https:\/\/www.attefallhuset.se\/kontaktaoss\/#breadcrumb","itemListElement":[{"@type":"ListItem","position":1,"name":"Home","item":"https:\/\/www.attefallhuset.se\/"},{"@type":"ListItem","position":2,"name":"V\u00e4lkommen att kontakta oss"}]},{"@type":"WebSite","@id":"https:\/\/www.attefallhuset.se\/#website","url":"https:\/\/www.attefallhuset.se\/","name":"","description":"","potentialAction":[{"@type":"SearchAction","target":{"@type":"EntryPoint","urlTemplate":"https:\/\/www.attefallhuset.se\/?s={search_term_string}"},"query-input":{"@type":"PropertyValueSpecification","valueRequired":true,"valueName":"search_term_string"}}],"inLanguage":"en-US"}]}},"_links":{"self":[{"href":"https:\/\/www.attefallhuset.se\/en\/wp-json\/wp\/v2\/pages\/20","targetHints":{"allow":["GET"]}}],"collection":[{"href":"https:\/\/www.attefallhuset.se\/en\/wp-json\/wp\/v2\/pages"}],"about":[{"href":"https:\/\/www.attefallhuset.se\/en\/wp-json\/wp\/v2\/types\/page"}],"author":[{"embeddable":true,"href":"https:\/\/www.attefallhuset.se\/en\/wp-json\/wp\/v2\/users\/1"}],"replies":[{"embeddable":true,"href":"https:\/\/www.attefallhuset.se\/en\/wp-json\/wp\/v2\/comments?post=20"}],"version-history":[{"count":8,"href":"https:\/\/www.attefallhuset.se\/en\/wp-json\/wp\/v2\/pages\/20\/revisions"}],"predecessor-version":[{"id":399,"href":"https:\/\/www.attefallhuset.se\/en\/wp-json\/wp\/v2\/pages\/20\/revisions\/399"}],"wp:attachment":[{"href":"https:\/\/www.attefallhuset.se\/en\/wp-json\/wp\/v2\/media?parent=20"}],"curies":[{"name":"wp","href":"https:\/\/api.w.org\/{rel}","templated":true}]}}