{"id":1831,"date":"2021-04-22T09:48:20","date_gmt":"2021-04-22T09:48:20","guid":{"rendered":"https:\/\/www.attefallhuset.se\/?page_id=1831"},"modified":"2021-04-22T09:55:22","modified_gmt":"2021-04-22T09:55:22","slug":"kopvillkor","status":"publish","type":"page","link":"https:\/\/www.attefallhuset.se\/en\/kopvillkor\/","title":{"rendered":"K\u00f6pvillkor"},"content":{"rendered":"<p><strong>Priser<\/strong><\/p>\n<p>Samtliga produktpriser i n\u00e4tbutiken \u00e4r angivna i svenska kronor (SEK) inklusive moms.<\/p>\n<p><strong>Allm\u00e4nna Villkor <\/strong><\/p>\n<p>Du m\u00e5ste ha fyllt 18 \u00e5r f\u00f6r att handla i v\u00e5r n\u00e4tbutik. \u00c4r du yngre \u00e4n 18 m\u00e5ste du ha f\u00f6r\u00e4lders eller m\u00e5lsmans tillst\u00e5nd att best\u00e4lla fr\u00e5n oss.<\/p>\n<p><strong>Personuppgifter <\/strong><\/p>\n<p>I samband med din registrering och\/eller best\u00e4llning godk\u00e4nner du att vi lagrar och anv\u00e4nder dina uppgifter i v\u00e5r verksamhet f\u00f6r att fullf\u00f6lja och tillhandah\u00e5lla den service som du kan f\u00f6rv\u00e4nta dig av oss. Den 25 maj 2018 b\u00f6rjar en ny lag , GDPR (General Data Protection Regulation) att g\u00e4lla. Det \u00e4r en gemensam lag som skall g\u00f6ra att samma regler g\u00e4ller \u00f6verallt i hela Europa. GDPR ers\u00e4tter personuppgiftslagen (PUL), som har varit en svensk lag sedan 1988..<\/p>\n<p>Informationen du l\u00e4mnar om dig sj\u00e4lv anv\u00e4nds av oss och v\u00e5ra samarbetspartners f\u00f6r betalning och leverans. Vi garanterar att inga uppgifter om dig kommer att s\u00e4ljas eller f\u00f6ras vidare till tredje part. Importlagret.com anv\u00e4nder uppgifter fr\u00e5n kundregistret f\u00f6r utskick om v\u00e5ra produkter. Du kan n\u00e4r som helst avbryta din prenumeration av nyhetsbrev, antingen via l\u00e4nken i nyhetsbrevet eller genom att kontakta v\u00e5r kundservice<\/p>\n<p>&nbsp;<\/p>\n<p><strong>Leveranser\/Frakt <\/strong><\/p>\n<p>F\u00f6r n\u00e4rvarande leverar vi endast inom Sverige<\/p>\n<p>Samtliga varor finns i lager och skickas fr\u00e5n oss inom tv\u00e5 arbetsdagar.<\/p>\n<p>Leveranstiden brukar vara 3-4 vardagar beroende p\u00e5 vikt och avst\u00e5nd.<\/p>\n<p>Inom Sverige &#8211; Fraktkostnad 59 kr<\/p>\n<p>Den totala summan inklusive fraktkostnaden ser du i kassan innan du godk\u00e4nner din best\u00e4llning.<\/p>\n<p>Dina varor skickas alltid sp\u00e5rbart med Schenker, DHL eller PostNord beroende p\u00e5 vikt och storlek. Leverans sker till n\u00e4rmaste utl\u00e4mningsst\u00e4lle. Avisering av paket sker i f\u00f6rsta hand per e-post eller SMS.<\/p>\n<p>&nbsp;<\/p>\n<p><strong>Betalningsalternativ<\/strong><\/p>\n<p>I samarbete med Payson erbjuder vi v\u00e5ra privat- och f\u00f6retagskunder betalning mot faktura samt kortbetalning.<\/p>\n<p>Payson h\u00e5ller h\u00f6ga s\u00e4kerhetskrav och \u00e4r PCI-certifierade av Trustwave som \u00e4r en internationell organisation f\u00f6r s\u00e4ker e-handel.<\/p>\n<p>&nbsp;<\/p>\n<p>Payson &#8211; Kort eller direktbetalning<\/p>\n<p>Kostnad: 0 kr<\/p>\n<p>Med Payson kortbetalning kan du snabbt g\u00f6ra transaktionen. Payson anv\u00e4nder sig av s\u00e4ker 3D-secure teknik. Payson samarbetar med VISA, MasterCard samt alla svenska banker som erbjuder direktbetalningar, Swedbank, Handelsbanken, SEB, Nordea och Danske Bank.<\/p>\n<p>All trafik krypteras genom SSL 128 bitar och alla kort\u00f6verf\u00f6ringar bygger p\u00e5 bankernas s\u00e5 kallade 3D-secure teknik.<\/p>\n<p>&nbsp;<\/p>\n<p>Payson &#8211; Betala mot 14-dagars faktura<\/p>\n<p>Kostnad: 0 kr<\/p>\n<p>Varan levereras till din folkbokf\u00f6ringsadress.<\/p>\n<p>Vi erbjuder betals\u00e4ttet &#8221;Paysonfaktura&#8221; med m\u00f6jlighet till delbetalning i samarbete med Payson AB.<\/p>\n<p>Betalningsvillkor \u00e4r 14 dagar och fakturan kommer att s\u00e4ndas separat med e-post till den e-postadress Du anger.<\/p>\n<p>F\u00f6r att kunna best\u00e4lla mot faktura m\u00e5ste Du ha fyllt 18 \u00e5r och vara folkbokf\u00f6rd i Sverige samt godk\u00e4nnas i den kreditpr\u00f6vning som genomf\u00f6rs vid k\u00f6ptillf\u00e4llet.<\/p>\n<p>Vid f\u00f6rsenad betalning skickar vi en betalningsp\u00e5minnelse varvid lagstadgad p\u00e5minnelseavgift om f\u00f6r n\u00e4rvarande 60 kr tillkommer. Vi debiterar \u00e4ven dr\u00f6jsm\u00e5lsr\u00e4nta med 2% per m\u00e5nad fr\u00e5n fakturans f\u00f6rfallodag. Vid utebliven betalning l\u00e4mnas \u00e4rendet till inkasso varvid lagstadgad inkassoavgift om f\u00f6r n\u00e4rvarande 160 kr tillkommer. Payson f\u00f6rbeh\u00e5ller sig r\u00e4tten att i enskilt fall neka leverans och ompr\u00f6va best\u00e4llarens kreditv\u00e4rdighet.<\/p>\n<p>&nbsp;<\/p>\n<p><strong>Bekr\u00e4ftelse<\/strong><\/p>\n<p>N\u00e4r Importlagret.com mottagit din order skickas omg\u00e5ende en bekr\u00e4ftelse per e-post med information om din order. Vi rekommenderar att du sparar bekr\u00e4ftelsen f\u00f6r att ha till hands vid eventuell kontakt med kundtj\u00e4nst.<\/p>\n<p>&nbsp;<\/p>\n<p><strong>Avbest\u00e4llning\/\u00c4ndring<\/strong><\/p>\n<p>\u00d6nskar du avbest\u00e4lla eller \u00e4ndra din best\u00e4llning m\u00e5ste det ske omg\u00e5ende. Kontakta v\u00e5r kundtj\u00e4nst s\u00e5 hj\u00e4lper vi dig med detta.<\/p>\n<p>&nbsp;<\/p>\n<p>&nbsp;<\/p>\n<p>&nbsp;<\/p>\n<p>&nbsp;<\/p>\n<p>&nbsp;<\/p>\n<p>&nbsp;<\/p>\n<p><strong>\u00c5ngerr\u00e4tt\/returr\u00e4tt<\/strong><\/p>\n<p>Vi till\u00e4mpar distansf\u00f6rs\u00e4ljningslagen f\u00f6r privatpersoner och ger full returr\u00e4tt inom 90 dagar fr\u00e5n att du mottagit varan, f\u00f6rutsatt att du inte anv\u00e4nt varan och att den returneras i oskadat skick, i originalf\u00f6rpackning.<\/p>\n<p>Returfrakten betalas av konsumenten. \u00c5ngerr\u00e4tt g\u00e4ller Ej f\u00f6retag!<\/p>\n<p>Om du \u00e5ngrar ditt k\u00f6p ber vi dig kontakta v\u00e5r kundtj\u00e4nst inom 90 dagar efter att du tagit emot varan. F\u00f6r att vi ska kunna hj\u00e4lpa dig snabbt och smidigt beh\u00f6ver vi ditt ordernummer och namn. \u00c5terbetalning sker f\u00f6rst efter kontrollerad retur.<\/p>\n<p>&nbsp;<\/p>\n<p><strong>Reklamation <\/strong><\/p>\n<p>Om varan \u00e4r skadad eller defekt p\u00e5 n\u00e5got annat s\u00e4tt, eller om du har f\u00e5tt fel vara eller antal s\u00e5 ber vi dig kontakta oss omedelbart s\u00e5 vi kan r\u00e4tta till felet. Du beh\u00f6ver uppge ordernummer samt vilken vara det g\u00e4ller. Ers\u00e4ttningsleveransen sker helt utan kostnad f\u00f6r dig.<\/p>\n<p>OBS! Varor som \u00e5ters\u00e4ndes mot postf\u00f6rskott eller efterkrav l\u00f6ses ej ut av oss. Vid eventuella tvister f\u00f6ljer vi Allm\u00e4nna Reklamationsn\u00e4mndens beslut.<\/p>\n<p>&nbsp;<\/p>\n<p><strong>Transportskada <\/strong><\/p>\n<p>Om paketet \u00e4r skadat vid uth\u00e4mtning ska det anm\u00e4las omg\u00e5ende till ombudet. Kontakta \u00e4ven v\u00e5r kundtj\u00e4nst.<\/p>\n<p>&nbsp;<\/p>\n<p><strong>Ej uth\u00e4mtade paket <\/strong><\/p>\n<p>Paket som inte h\u00e4mtas ut senast tv\u00e5 veckor efter leveransavisering debiteras med fraktkostnad, returfrakt samt hanteringskostnader med totalt 290 kr inklusive moms.<\/p>\n<p>&nbsp;<\/p>\n<p><strong>&nbsp;Sortiment &amp; produkter<\/strong><\/p>\n<p>Importlagret.com reserverar sig f\u00f6r f\u00f6r\u00e4ndringar i sortimentet och har r\u00e4tt att ta bort varor ur sortimentet innan ett k\u00f6p har g\u00e5tt igenom. Importlagret.com reserverar sig f\u00f6r eventuella tryckfel i texter p\u00e5 denna webbsida.<\/p>\n<p>&nbsp;<\/p>\n<p>Importlagret.com&nbsp; innehar F-skattsedel<\/p>","protected":false},"excerpt":{"rendered":"<p>Priser Samtliga produktpriser i n\u00e4tbutiken \u00e4r angivna i svenska kronor (SEK) inklusive moms. Allm\u00e4nna Villkor Du m\u00e5ste ha fyllt 18 \u00e5r f\u00f6r att handla i v\u00e5r n\u00e4tbutik. \u00c4r du yngre \u00e4n 18 m\u00e5ste du ha f\u00f6r\u00e4lders eller m\u00e5lsmans tillst\u00e5nd att best\u00e4lla fr\u00e5n oss. Personuppgifter I samband med din registrering och\/eller best\u00e4llning godk\u00e4nner du att vi &hellip; <a href=\"https:\/\/www.attefallhuset.se\/en\/kopvillkor\/\" class=\"more-link\">Continue reading<span class=\"screen-reader-text\"> &#8221;K\u00f6pvillkor&#8221;<\/span><\/a><\/p>","protected":false},"author":1,"featured_media":0,"parent":0,"menu_order":0,"comment_status":"closed","ping_status":"closed","template":"","meta":{"ngg_post_thumbnail":0,"footnotes":""},"class_list":["post-1831","page","type-page","status-publish","hentry"],"yoast_head":"<!-- This site is optimized with the Yoast SEO plugin v27.5 - https:\/\/yoast.com\/product\/yoast-seo-wordpress\/ -->\n<title>K\u00f6pvillkor -<\/title>\n<meta name=\"robots\" content=\"index, follow, max-snippet:-1, max-image-preview:large, max-video-preview:-1\" \/>\n<link rel=\"canonical\" href=\"https:\/\/www.attefallhuset.se\/en\/kopvillkor\/\" \/>\n<meta property=\"og:locale\" content=\"en_US\" \/>\n<meta property=\"og:type\" content=\"article\" \/>\n<meta property=\"og:title\" content=\"K\u00f6pvillkor -\" \/>\n<meta property=\"og:description\" content=\"Priser Samtliga produktpriser i n\u00e4tbutiken \u00e4r angivna i svenska kronor (SEK) inklusive moms. Allm\u00e4nna Villkor Du m\u00e5ste ha fyllt 18 \u00e5r f\u00f6r att handla i v\u00e5r n\u00e4tbutik. \u00c4r du yngre \u00e4n 18 m\u00e5ste du ha f\u00f6r\u00e4lders eller m\u00e5lsmans tillst\u00e5nd att best\u00e4lla fr\u00e5n oss. Personuppgifter I samband med din registrering och\/eller best\u00e4llning godk\u00e4nner du att vi &hellip; Continue reading &quot;K\u00f6pvillkor&quot;\" \/>\n<meta property=\"og:url\" content=\"https:\/\/www.attefallhuset.se\/en\/kopvillkor\/\" \/>\n<meta property=\"article:publisher\" content=\"https:\/\/www.facebook.com\/attefallhuset\/\" \/>\n<meta property=\"article:modified_time\" content=\"2021-04-22T09:55:22+00:00\" \/>\n<meta name=\"twitter:card\" content=\"summary_large_image\" \/>\n<meta name=\"twitter:label1\" content=\"Est. reading time\" \/>\n\t<meta name=\"twitter:data1\" content=\"4 minutes\" \/>\n<script type=\"application\/ld+json\" class=\"yoast-schema-graph\">{\"@context\":\"https:\\\/\\\/schema.org\",\"@graph\":[{\"@type\":\"WebPage\",\"@id\":\"https:\\\/\\\/www.attefallhuset.se\\\/kopvillkor\\\/\",\"url\":\"https:\\\/\\\/www.attefallhuset.se\\\/kopvillkor\\\/\",\"name\":\"K\u00f6pvillkor -\",\"isPartOf\":{\"@id\":\"https:\\\/\\\/www.attefallhuset.se\\\/#website\"},\"datePublished\":\"2021-04-22T09:48:20+00:00\",\"dateModified\":\"2021-04-22T09:55:22+00:00\",\"breadcrumb\":{\"@id\":\"https:\\\/\\\/www.attefallhuset.se\\\/kopvillkor\\\/#breadcrumb\"},\"inLanguage\":\"en-US\",\"potentialAction\":[{\"@type\":\"ReadAction\",\"target\":[\"https:\\\/\\\/www.attefallhuset.se\\\/kopvillkor\\\/\"]}]},{\"@type\":\"BreadcrumbList\",\"@id\":\"https:\\\/\\\/www.attefallhuset.se\\\/kopvillkor\\\/#breadcrumb\",\"itemListElement\":[{\"@type\":\"ListItem\",\"position\":1,\"name\":\"Home\",\"item\":\"https:\\\/\\\/www.attefallhuset.se\\\/\"},{\"@type\":\"ListItem\",\"position\":2,\"name\":\"K\u00f6pvillkor\"}]},{\"@type\":\"WebSite\",\"@id\":\"https:\\\/\\\/www.attefallhuset.se\\\/#website\",\"url\":\"https:\\\/\\\/www.attefallhuset.se\\\/\",\"name\":\"\",\"description\":\"\",\"potentialAction\":[{\"@type\":\"SearchAction\",\"target\":{\"@type\":\"EntryPoint\",\"urlTemplate\":\"https:\\\/\\\/www.attefallhuset.se\\\/?s={search_term_string}\"},\"query-input\":{\"@type\":\"PropertyValueSpecification\",\"valueRequired\":true,\"valueName\":\"search_term_string\"}}],\"inLanguage\":\"en-US\"}]}<\/script>\n<!-- \/ Yoast SEO plugin. -->","yoast_head_json":{"title":"K\u00f6pvillkor -","robots":{"index":"index","follow":"follow","max-snippet":"max-snippet:-1","max-image-preview":"max-image-preview:large","max-video-preview":"max-video-preview:-1"},"canonical":"https:\/\/www.attefallhuset.se\/en\/kopvillkor\/","og_locale":"en_US","og_type":"article","og_title":"K\u00f6pvillkor -","og_description":"Priser Samtliga produktpriser i n\u00e4tbutiken \u00e4r angivna i svenska kronor (SEK) inklusive moms. Allm\u00e4nna Villkor Du m\u00e5ste ha fyllt 18 \u00e5r f\u00f6r att handla i v\u00e5r n\u00e4tbutik. \u00c4r du yngre \u00e4n 18 m\u00e5ste du ha f\u00f6r\u00e4lders eller m\u00e5lsmans tillst\u00e5nd att best\u00e4lla fr\u00e5n oss. Personuppgifter I samband med din registrering och\/eller best\u00e4llning godk\u00e4nner du att vi &hellip; Continue reading \"K\u00f6pvillkor\"","og_url":"https:\/\/www.attefallhuset.se\/en\/kopvillkor\/","article_publisher":"https:\/\/www.facebook.com\/attefallhuset\/","article_modified_time":"2021-04-22T09:55:22+00:00","twitter_card":"summary_large_image","twitter_misc":{"Est. reading time":"4 minutes"},"schema":{"@context":"https:\/\/schema.org","@graph":[{"@type":"WebPage","@id":"https:\/\/www.attefallhuset.se\/kopvillkor\/","url":"https:\/\/www.attefallhuset.se\/kopvillkor\/","name":"K\u00f6pvillkor -","isPartOf":{"@id":"https:\/\/www.attefallhuset.se\/#website"},"datePublished":"2021-04-22T09:48:20+00:00","dateModified":"2021-04-22T09:55:22+00:00","breadcrumb":{"@id":"https:\/\/www.attefallhuset.se\/kopvillkor\/#breadcrumb"},"inLanguage":"en-US","potentialAction":[{"@type":"ReadAction","target":["https:\/\/www.attefallhuset.se\/kopvillkor\/"]}]},{"@type":"BreadcrumbList","@id":"https:\/\/www.attefallhuset.se\/kopvillkor\/#breadcrumb","itemListElement":[{"@type":"ListItem","position":1,"name":"Home","item":"https:\/\/www.attefallhuset.se\/"},{"@type":"ListItem","position":2,"name":"K\u00f6pvillkor"}]},{"@type":"WebSite","@id":"https:\/\/www.attefallhuset.se\/#website","url":"https:\/\/www.attefallhuset.se\/","name":"","description":"","potentialAction":[{"@type":"SearchAction","target":{"@type":"EntryPoint","urlTemplate":"https:\/\/www.attefallhuset.se\/?s={search_term_string}"},"query-input":{"@type":"PropertyValueSpecification","valueRequired":true,"valueName":"search_term_string"}}],"inLanguage":"en-US"}]}},"_links":{"self":[{"href":"https:\/\/www.attefallhuset.se\/en\/wp-json\/wp\/v2\/pages\/1831","targetHints":{"allow":["GET"]}}],"collection":[{"href":"https:\/\/www.attefallhuset.se\/en\/wp-json\/wp\/v2\/pages"}],"about":[{"href":"https:\/\/www.attefallhuset.se\/en\/wp-json\/wp\/v2\/types\/page"}],"author":[{"embeddable":true,"href":"https:\/\/www.attefallhuset.se\/en\/wp-json\/wp\/v2\/users\/1"}],"replies":[{"embeddable":true,"href":"https:\/\/www.attefallhuset.se\/en\/wp-json\/wp\/v2\/comments?post=1831"}],"version-history":[{"count":2,"href":"https:\/\/www.attefallhuset.se\/en\/wp-json\/wp\/v2\/pages\/1831\/revisions"}],"predecessor-version":[{"id":1834,"href":"https:\/\/www.attefallhuset.se\/en\/wp-json\/wp\/v2\/pages\/1831\/revisions\/1834"}],"wp:attachment":[{"href":"https:\/\/www.attefallhuset.se\/en\/wp-json\/wp\/v2\/media?parent=1831"}],"curies":[{"name":"wp","href":"https:\/\/api.w.org\/{rel}","templated":true}]}}