{"id":18,"date":"2016-03-17T05:31:36","date_gmt":"2016-03-17T05:31:36","guid":{"rendered":"http:\/\/attefallhuset.se\/?page_id=18"},"modified":"2025-12-03T09:13:44","modified_gmt":"2025-12-03T09:13:44","slug":"projektbilder","status":"publish","type":"page","link":"https:\/\/www.attefallhuset.se\/en\/projektbilder\/","title":{"rendered":"PROJEKTBILDER"},"content":{"rendered":"<p>Attefallhuset.se levererar Komplementbyggnader\/bostadshus tidigare kallade Attefallshus och fritidshus till hela landet. Husen byggs p\u00e5 plats hos k\u00f6paren. Vi levererar inte f\u00e4rdigbyggda hus med kranbil. H\u00e4r kan du se n\u00e5gra exempel p\u00e5 de projekt vi utf\u00f6rt runt om i landet.<br \/>\nngg_shortcode_0_placeholder<\/p>","protected":false},"excerpt":{"rendered":"<p>Attefallhuset.se levererar Komplementbyggnader\/bostadshus tidigare kallade Attefallshus och fritidshus till hela landet. Husen byggs p\u00e5 plats hos k\u00f6paren. Vi levererar inte f\u00e4rdigbyggda hus med kranbil. H\u00e4r kan du se n\u00e5gra exempel p\u00e5 de projekt vi utf\u00f6rt runt om i landet.<\/p>","protected":false},"author":1,"featured_media":0,"parent":0,"menu_order":0,"comment_status":"closed","ping_status":"closed","template":"","meta":{"ngg_post_thumbnail":0,"footnotes":""},"class_list":["post-18","page","type-page","status-publish","hentry"],"yoast_head":"<!-- This site is optimized with the Yoast SEO plugin v27.4 - https:\/\/yoast.com\/product\/yoast-seo-wordpress\/ -->\n<title>Attefallshus Bilder, Project Bilder, Projekt - Attefallhuset.se<\/title>\n<meta name=\"description\" content=\"Attefallhuset.se erbjuder rikst\u00e4ckande service. Vi bygger Attefallshus och fritidshus i hela landet. Vi saluf\u00f6r 3 st modeller av Atefallshus och Atterfallshus. Vi tar oss an stora och sm\u00e5 projekt enligt kundens \u00f6nskem\u00e5l.\" \/>\n<meta name=\"robots\" content=\"index, follow, max-snippet:-1, max-image-preview:large, max-video-preview:-1\" \/>\n<link rel=\"canonical\" href=\"https:\/\/www.attefallhuset.se\/en\/projektbilder\/\" \/>\n<meta property=\"og:locale\" content=\"en_US\" \/>\n<meta property=\"og:type\" content=\"article\" \/>\n<meta property=\"og:title\" content=\"Attefallshus Bilder, Project Bilder, Projekt - Attefallhuset.se\" \/>\n<meta property=\"og:description\" content=\"Attefallhuset.se erbjuder rikst\u00e4ckande service. Vi bygger Attefallshus och fritidshus i hela landet. Vi saluf\u00f6r 3 st modeller av Atefallshus och Atterfallshus. Vi tar oss an stora och sm\u00e5 projekt enligt kundens \u00f6nskem\u00e5l.\" \/>\n<meta property=\"og:url\" content=\"https:\/\/www.attefallhuset.se\/en\/projektbilder\/\" \/>\n<meta property=\"article:publisher\" content=\"https:\/\/www.facebook.com\/attefallhuset\/\" \/>\n<meta property=\"article:modified_time\" content=\"2025-12-03T09:13:44+00:00\" \/>\n<meta name=\"twitter:card\" content=\"summary_large_image\" \/>\n<meta name=\"twitter:label1\" content=\"Est. reading time\" \/>\n\t<meta name=\"twitter:data1\" content=\"1 minute\" \/>\n<script type=\"application\/ld+json\" class=\"yoast-schema-graph\">{\"@context\":\"https:\\\/\\\/schema.org\",\"@graph\":[{\"@type\":\"WebPage\",\"@id\":\"https:\\\/\\\/www.attefallhuset.se\\\/projektbilder\\\/\",\"url\":\"https:\\\/\\\/www.attefallhuset.se\\\/projektbilder\\\/\",\"name\":\"Attefallshus Bilder, Project Bilder, Projekt - Attefallhuset.se\",\"isPartOf\":{\"@id\":\"https:\\\/\\\/www.attefallhuset.se\\\/#website\"},\"datePublished\":\"2016-03-17T05:31:36+00:00\",\"dateModified\":\"2025-12-03T09:13:44+00:00\",\"description\":\"Attefallhuset.se erbjuder rikst\u00e4ckande service. Vi bygger Attefallshus och fritidshus i hela landet. Vi saluf\u00f6r 3 st modeller av Atefallshus och Atterfallshus. Vi tar oss an stora och sm\u00e5 projekt enligt kundens \u00f6nskem\u00e5l.\",\"breadcrumb\":{\"@id\":\"https:\\\/\\\/www.attefallhuset.se\\\/projektbilder\\\/#breadcrumb\"},\"inLanguage\":\"en-US\",\"potentialAction\":[{\"@type\":\"ReadAction\",\"target\":[\"https:\\\/\\\/www.attefallhuset.se\\\/projektbilder\\\/\"]}]},{\"@type\":\"BreadcrumbList\",\"@id\":\"https:\\\/\\\/www.attefallhuset.se\\\/projektbilder\\\/#breadcrumb\",\"itemListElement\":[{\"@type\":\"ListItem\",\"position\":1,\"name\":\"Home\",\"item\":\"https:\\\/\\\/www.attefallhuset.se\\\/\"},{\"@type\":\"ListItem\",\"position\":2,\"name\":\"PROJEKTBILDER\"}]},{\"@type\":\"WebSite\",\"@id\":\"https:\\\/\\\/www.attefallhuset.se\\\/#website\",\"url\":\"https:\\\/\\\/www.attefallhuset.se\\\/\",\"name\":\"\",\"description\":\"\",\"potentialAction\":[{\"@type\":\"SearchAction\",\"target\":{\"@type\":\"EntryPoint\",\"urlTemplate\":\"https:\\\/\\\/www.attefallhuset.se\\\/?s={search_term_string}\"},\"query-input\":{\"@type\":\"PropertyValueSpecification\",\"valueRequired\":true,\"valueName\":\"search_term_string\"}}],\"inLanguage\":\"en-US\"}]}<\/script>\n<!-- \/ Yoast SEO plugin. -->","yoast_head_json":{"title":"Attefallshus Bilder, Project Bilder, Projekt - Attefallhuset.se","description":"Attefallhuset.se erbjuder rikst\u00e4ckande service. Vi bygger Attefallshus och fritidshus i hela landet. Vi saluf\u00f6r 3 st modeller av Atefallshus och Atterfallshus. Vi tar oss an stora och sm\u00e5 projekt enligt kundens \u00f6nskem\u00e5l.","robots":{"index":"index","follow":"follow","max-snippet":"max-snippet:-1","max-image-preview":"max-image-preview:large","max-video-preview":"max-video-preview:-1"},"canonical":"https:\/\/www.attefallhuset.se\/en\/projektbilder\/","og_locale":"en_US","og_type":"article","og_title":"Attefallshus Bilder, Project Bilder, Projekt - Attefallhuset.se","og_description":"Attefallhuset.se erbjuder rikst\u00e4ckande service. Vi bygger Attefallshus och fritidshus i hela landet. Vi saluf\u00f6r 3 st modeller av Atefallshus och Atterfallshus. Vi tar oss an stora och sm\u00e5 projekt enligt kundens \u00f6nskem\u00e5l.","og_url":"https:\/\/www.attefallhuset.se\/en\/projektbilder\/","article_publisher":"https:\/\/www.facebook.com\/attefallhuset\/","article_modified_time":"2025-12-03T09:13:44+00:00","twitter_card":"summary_large_image","twitter_misc":{"Est. reading time":"1 minute"},"schema":{"@context":"https:\/\/schema.org","@graph":[{"@type":"WebPage","@id":"https:\/\/www.attefallhuset.se\/projektbilder\/","url":"https:\/\/www.attefallhuset.se\/projektbilder\/","name":"Attefallshus Bilder, Project Bilder, Projekt - Attefallhuset.se","isPartOf":{"@id":"https:\/\/www.attefallhuset.se\/#website"},"datePublished":"2016-03-17T05:31:36+00:00","dateModified":"2025-12-03T09:13:44+00:00","description":"Attefallhuset.se erbjuder rikst\u00e4ckande service. Vi bygger Attefallshus och fritidshus i hela landet. Vi saluf\u00f6r 3 st modeller av Atefallshus och Atterfallshus. Vi tar oss an stora och sm\u00e5 projekt enligt kundens \u00f6nskem\u00e5l.","breadcrumb":{"@id":"https:\/\/www.attefallhuset.se\/projektbilder\/#breadcrumb"},"inLanguage":"en-US","potentialAction":[{"@type":"ReadAction","target":["https:\/\/www.attefallhuset.se\/projektbilder\/"]}]},{"@type":"BreadcrumbList","@id":"https:\/\/www.attefallhuset.se\/projektbilder\/#breadcrumb","itemListElement":[{"@type":"ListItem","position":1,"name":"Home","item":"https:\/\/www.attefallhuset.se\/"},{"@type":"ListItem","position":2,"name":"PROJEKTBILDER"}]},{"@type":"WebSite","@id":"https:\/\/www.attefallhuset.se\/#website","url":"https:\/\/www.attefallhuset.se\/","name":"","description":"","potentialAction":[{"@type":"SearchAction","target":{"@type":"EntryPoint","urlTemplate":"https:\/\/www.attefallhuset.se\/?s={search_term_string}"},"query-input":{"@type":"PropertyValueSpecification","valueRequired":true,"valueName":"search_term_string"}}],"inLanguage":"en-US"}]}},"_links":{"self":[{"href":"https:\/\/www.attefallhuset.se\/en\/wp-json\/wp\/v2\/pages\/18","targetHints":{"allow":["GET"]}}],"collection":[{"href":"https:\/\/www.attefallhuset.se\/en\/wp-json\/wp\/v2\/pages"}],"about":[{"href":"https:\/\/www.attefallhuset.se\/en\/wp-json\/wp\/v2\/types\/page"}],"author":[{"embeddable":true,"href":"https:\/\/www.attefallhuset.se\/en\/wp-json\/wp\/v2\/users\/1"}],"replies":[{"embeddable":true,"href":"https:\/\/www.attefallhuset.se\/en\/wp-json\/wp\/v2\/comments?post=18"}],"version-history":[{"count":16,"href":"https:\/\/www.attefallhuset.se\/en\/wp-json\/wp\/v2\/pages\/18\/revisions"}],"predecessor-version":[{"id":2382,"href":"https:\/\/www.attefallhuset.se\/en\/wp-json\/wp\/v2\/pages\/18\/revisions\/2382"}],"wp:attachment":[{"href":"https:\/\/www.attefallhuset.se\/en\/wp-json\/wp\/v2\/media?parent=18"}],"curies":[{"name":"wp","href":"https:\/\/api.w.org\/{rel}","templated":true}]}}