{"id":16,"date":"2016-03-17T05:31:16","date_gmt":"2016-03-17T05:31:16","guid":{"rendered":"http:\/\/attefallhuset.se\/?page_id=16"},"modified":"2025-12-01T09:25:12","modified_gmt":"2025-12-01T09:25:12","slug":"lagar-regler","status":"publish","type":"page","link":"https:\/\/www.attefallhuset.se\/en\/lagar-regler\/","title":{"rendered":"LAGAR &#038; REGLER"},"content":{"rendered":"<div class=\"lagar\">\n<ul>\n<li>Attefallhusreglerna f\u00f6r\u00e4ndras fr\u00e5n den 1:a December 2025 och med det kommer det som kallades Attefallhus nu kallas komplementbyggnad och komplementbostadshus.<br><br>Det blir till\u00e5tet att utan bygglov uppf\u00f6ra komplementbyggnader i anslutning till andra typer av byggnader \u00e4n en- och tv\u00e5bostadshus. Det s\u00e4rskilda kravet p\u00e5 anm\u00e4lan f\u00f6r s.k. attefalls\u00e5tg\u00e4rder tas bort.<br><br><\/li>\n<li>De nya reglerna skiljer sig beroende p\u00e5 om det ligger inom eller utanf\u00f6r detaljplan.<\/li>\n<li><strong><strong>Inom detaljplan:<\/strong><\/strong>\n<p>&nbsp;<\/p>\nDu f\u00e5r bygga en komplementbyggnad eller ett komplementbostadshus p\u00e5 max <strong>30 kvm<\/strong> byggnadsarea utan bygglov .\n<p>H\u00f6gsta taknocksh\u00f6jd: <strong>4,0 meter<\/strong> .<\/p>\n<p><strong>Ny &#8221;Pott-regel&#8221;:<\/strong> Du kan bygga flera byggnader, s\u00e5 l\u00e4nge den sammanlagda byggnadsarean f\u00f6r alla lovfria komplementbyggnader p\u00e5 tomten inte \u00f6verstiger <strong>45 kvm<\/strong> .<\/p>\n<\/li>\n<li><strong><strong>Utanf\u00f6r detaljplan:<\/strong><\/strong>\n<p>&nbsp;<\/p>\nDu f\u00e5r bygga en komplementbyggnad eller ett komplementbostadshus p\u00e5 max <strong>50 kvm<\/strong> byggnadsarea utan bygglov .\n<p>H\u00f6gsta taknocksh\u00f6jd: <strong>4,5 meter<\/strong> .<\/p>\n<p><strong>Ny &#8221;Pott-regel&#8221;:<\/strong> Den sammanlagda byggnadsarean f\u00f6r alla lovfria komplementbyggnader p\u00e5 tomten f\u00e5r vara max <strong>65 kvm<\/strong> .<\/p>\n<\/li>\n<li>\n<p><strong>Information fr\u00e5n Regeringen och Boverket<br><br><\/strong><\/p>\n<p>Tillbyggnader upp till 30 kvm f\u00e5r uppf\u00f6ras f\u00f6r alla typer av byggnader, \u00e4ven flerbostadshus och andra byggnader, utan krav p\u00e5 lov. Kvadratmetrarna kan f\u00f6rdelas p\u00e5 flera olika tillbyggnader s\u00e5 l\u00e4nge de totalt sett inte blir st\u00f6rre \u00e4n 30 kvm.<br><br>Bygglov kommer fortsatt kr\u00e4vas vid byggnation n\u00e4ra gr\u00e4ns, inom omr\u00e5den som \u00e4r av riksintresse f\u00f6r totalf\u00f6rsvaret och inom s\u00e4rskilt v\u00e4rdefulla omr\u00e5den<\/p>\n<br><br><\/li>\n<li>F\u00f6r mer information l\u00e4s mer p\u00e5 <a href=\"https:\/\/www.regeringen.se\/pressmeddelanden\/2025\/12\/nya-regler-for-bygglov\/\">Regeringens<\/a> och <a href=\"https:\/\/www.boverket.se\/sv\/PBL-kunskapsbanken\/lov--byggande\/anmalningsplikt\/byggnader\/nybyggnad\/komplementbyggnad\/\">Boverkets<\/a> hemsida<\/li>\n<\/ul>\n<\/div>\n\n\n<p><\/p>","protected":false},"excerpt":{"rendered":"<p>Attefallhusreglerna f\u00f6r\u00e4ndras fr\u00e5n den 1:a December 2025 och med det kommer det som kallades Attefallhus nu kallas komplementbyggnad och komplementbostadshus. Det blir till\u00e5tet att utan bygglov uppf\u00f6ra komplementbyggnader i anslutning till andra typer av byggnader \u00e4n en- och tv\u00e5bostadshus. Det s\u00e4rskilda kravet p\u00e5 anm\u00e4lan f\u00f6r s.k. attefalls\u00e5tg\u00e4rder tas bort. De nya reglerna skiljer sig beroende &hellip; <a href=\"https:\/\/www.attefallhuset.se\/en\/lagar-regler\/\" class=\"more-link\">Continue reading<span class=\"screen-reader-text\"> &#8221;LAGAR &#038; REGLER&#8221;<\/span><\/a><\/p>","protected":false},"author":1,"featured_media":0,"parent":0,"menu_order":0,"comment_status":"closed","ping_status":"closed","template":"","meta":{"ngg_post_thumbnail":0,"footnotes":""},"class_list":["post-16","page","type-page","status-publish","hentry"],"yoast_head":"<!-- This site is optimized with the Yoast SEO plugin v27.5 - https:\/\/yoast.com\/product\/yoast-seo-wordpress\/ -->\n<title>LAGAR &amp; REGLER -<\/title>\n<meta name=\"robots\" content=\"index, follow, max-snippet:-1, max-image-preview:large, max-video-preview:-1\" \/>\n<link rel=\"canonical\" href=\"https:\/\/www.attefallhuset.se\/en\/lagar-regler\/\" \/>\n<meta property=\"og:locale\" content=\"en_US\" \/>\n<meta property=\"og:type\" content=\"article\" \/>\n<meta property=\"og:title\" content=\"LAGAR &amp; REGLER -\" \/>\n<meta property=\"og:description\" content=\"Attefallhusreglerna f\u00f6r\u00e4ndras fr\u00e5n den 1:a December 2025 och med det kommer det som kallades Attefallhus nu kallas komplementbyggnad och komplementbostadshus. Det blir till\u00e5tet att utan bygglov uppf\u00f6ra komplementbyggnader i anslutning till andra typer av byggnader \u00e4n en- och tv\u00e5bostadshus. Det s\u00e4rskilda kravet p\u00e5 anm\u00e4lan f\u00f6r s.k. attefalls\u00e5tg\u00e4rder tas bort. De nya reglerna skiljer sig beroende &hellip; Continue reading &quot;LAGAR &#038; REGLER&quot;\" \/>\n<meta property=\"og:url\" content=\"https:\/\/www.attefallhuset.se\/en\/lagar-regler\/\" \/>\n<meta property=\"article:publisher\" content=\"https:\/\/www.facebook.com\/attefallhuset\/\" \/>\n<meta property=\"article:modified_time\" content=\"2025-12-01T09:25:12+00:00\" \/>\n<meta name=\"twitter:card\" content=\"summary_large_image\" \/>\n<meta name=\"twitter:label1\" content=\"Est. reading time\" \/>\n\t<meta name=\"twitter:data1\" content=\"1 minute\" \/>\n<script type=\"application\/ld+json\" class=\"yoast-schema-graph\">{\"@context\":\"https:\\\/\\\/schema.org\",\"@graph\":[{\"@type\":\"WebPage\",\"@id\":\"https:\\\/\\\/www.attefallhuset.se\\\/lagar-regler\\\/\",\"url\":\"https:\\\/\\\/www.attefallhuset.se\\\/lagar-regler\\\/\",\"name\":\"LAGAR & REGLER -\",\"isPartOf\":{\"@id\":\"https:\\\/\\\/www.attefallhuset.se\\\/#website\"},\"datePublished\":\"2016-03-17T05:31:16+00:00\",\"dateModified\":\"2025-12-01T09:25:12+00:00\",\"breadcrumb\":{\"@id\":\"https:\\\/\\\/www.attefallhuset.se\\\/lagar-regler\\\/#breadcrumb\"},\"inLanguage\":\"en-US\",\"potentialAction\":[{\"@type\":\"ReadAction\",\"target\":[\"https:\\\/\\\/www.attefallhuset.se\\\/lagar-regler\\\/\"]}]},{\"@type\":\"BreadcrumbList\",\"@id\":\"https:\\\/\\\/www.attefallhuset.se\\\/lagar-regler\\\/#breadcrumb\",\"itemListElement\":[{\"@type\":\"ListItem\",\"position\":1,\"name\":\"Home\",\"item\":\"https:\\\/\\\/www.attefallhuset.se\\\/\"},{\"@type\":\"ListItem\",\"position\":2,\"name\":\"LAGAR &#038; REGLER\"}]},{\"@type\":\"WebSite\",\"@id\":\"https:\\\/\\\/www.attefallhuset.se\\\/#website\",\"url\":\"https:\\\/\\\/www.attefallhuset.se\\\/\",\"name\":\"\",\"description\":\"\",\"potentialAction\":[{\"@type\":\"SearchAction\",\"target\":{\"@type\":\"EntryPoint\",\"urlTemplate\":\"https:\\\/\\\/www.attefallhuset.se\\\/?s={search_term_string}\"},\"query-input\":{\"@type\":\"PropertyValueSpecification\",\"valueRequired\":true,\"valueName\":\"search_term_string\"}}],\"inLanguage\":\"en-US\"}]}<\/script>\n<!-- \/ Yoast SEO plugin. -->","yoast_head_json":{"title":"LAGAR & REGLER -","robots":{"index":"index","follow":"follow","max-snippet":"max-snippet:-1","max-image-preview":"max-image-preview:large","max-video-preview":"max-video-preview:-1"},"canonical":"https:\/\/www.attefallhuset.se\/en\/lagar-regler\/","og_locale":"en_US","og_type":"article","og_title":"LAGAR & REGLER -","og_description":"Attefallhusreglerna f\u00f6r\u00e4ndras fr\u00e5n den 1:a December 2025 och med det kommer det som kallades Attefallhus nu kallas komplementbyggnad och komplementbostadshus. Det blir till\u00e5tet att utan bygglov uppf\u00f6ra komplementbyggnader i anslutning till andra typer av byggnader \u00e4n en- och tv\u00e5bostadshus. Det s\u00e4rskilda kravet p\u00e5 anm\u00e4lan f\u00f6r s.k. attefalls\u00e5tg\u00e4rder tas bort. De nya reglerna skiljer sig beroende &hellip; Continue reading \"LAGAR &#038; REGLER\"","og_url":"https:\/\/www.attefallhuset.se\/en\/lagar-regler\/","article_publisher":"https:\/\/www.facebook.com\/attefallhuset\/","article_modified_time":"2025-12-01T09:25:12+00:00","twitter_card":"summary_large_image","twitter_misc":{"Est. reading time":"1 minute"},"schema":{"@context":"https:\/\/schema.org","@graph":[{"@type":"WebPage","@id":"https:\/\/www.attefallhuset.se\/lagar-regler\/","url":"https:\/\/www.attefallhuset.se\/lagar-regler\/","name":"LAGAR & REGLER -","isPartOf":{"@id":"https:\/\/www.attefallhuset.se\/#website"},"datePublished":"2016-03-17T05:31:16+00:00","dateModified":"2025-12-01T09:25:12+00:00","breadcrumb":{"@id":"https:\/\/www.attefallhuset.se\/lagar-regler\/#breadcrumb"},"inLanguage":"en-US","potentialAction":[{"@type":"ReadAction","target":["https:\/\/www.attefallhuset.se\/lagar-regler\/"]}]},{"@type":"BreadcrumbList","@id":"https:\/\/www.attefallhuset.se\/lagar-regler\/#breadcrumb","itemListElement":[{"@type":"ListItem","position":1,"name":"Home","item":"https:\/\/www.attefallhuset.se\/"},{"@type":"ListItem","position":2,"name":"LAGAR &#038; REGLER"}]},{"@type":"WebSite","@id":"https:\/\/www.attefallhuset.se\/#website","url":"https:\/\/www.attefallhuset.se\/","name":"","description":"","potentialAction":[{"@type":"SearchAction","target":{"@type":"EntryPoint","urlTemplate":"https:\/\/www.attefallhuset.se\/?s={search_term_string}"},"query-input":{"@type":"PropertyValueSpecification","valueRequired":true,"valueName":"search_term_string"}}],"inLanguage":"en-US"}]}},"_links":{"self":[{"href":"https:\/\/www.attefallhuset.se\/en\/wp-json\/wp\/v2\/pages\/16","targetHints":{"allow":["GET"]}}],"collection":[{"href":"https:\/\/www.attefallhuset.se\/en\/wp-json\/wp\/v2\/pages"}],"about":[{"href":"https:\/\/www.attefallhuset.se\/en\/wp-json\/wp\/v2\/types\/page"}],"author":[{"embeddable":true,"href":"https:\/\/www.attefallhuset.se\/en\/wp-json\/wp\/v2\/users\/1"}],"replies":[{"embeddable":true,"href":"https:\/\/www.attefallhuset.se\/en\/wp-json\/wp\/v2\/comments?post=16"}],"version-history":[{"count":15,"href":"https:\/\/www.attefallhuset.se\/en\/wp-json\/wp\/v2\/pages\/16\/revisions"}],"predecessor-version":[{"id":2363,"href":"https:\/\/www.attefallhuset.se\/en\/wp-json\/wp\/v2\/pages\/16\/revisions\/2363"}],"wp:attachment":[{"href":"https:\/\/www.attefallhuset.se\/en\/wp-json\/wp\/v2\/media?parent=16"}],"curies":[{"name":"wp","href":"https:\/\/api.w.org\/{rel}","templated":true}]}}