{"id":1441,"date":"2018-06-01T07:38:37","date_gmt":"2018-06-01T07:38:37","guid":{"rendered":"http:\/\/www.attefallhuset.se\/?page_id=1441"},"modified":"2020-11-23T14:33:21","modified_gmt":"2020-11-23T14:33:21","slug":"integritetspolicy","status":"publish","type":"page","link":"https:\/\/www.attefallhuset.se\/en\/integritetspolicy\/","title":{"rendered":"Integritetspolicy"},"content":{"rendered":"<h1 style=\"text-align: center;\">Integritetspolicy<\/h1>\n<p>Rev. 2020-08-22 r2<\/p>\n<h5>1. Insamling av information<\/h5>\n<p>Vi samlar in information fr\u00e5n dig n\u00e4r du registrerar dig p\u00e5 v\u00e5r webbplats, loggar in p\u00e5 ditt konto, g\u00f6r ett k\u00f6p, deltar i en t\u00e4vling och\/eller n\u00e4r du loggar ut. Den insamlade informationen inkluderar<br \/>\n\u00b7 F\u00f6r- och efternamn<br \/>\n\u00b7&nbsp; Ev. f\u00f6retag eller organisation<br \/>\n\u00b7 Postadresser (faktura och\/eller leverans)<br \/>\n\u00b7 E-postadress<br \/>\n\u00b7 Telefonnummer (\u00e4ven f\u00f6r leveransbesked via SMS<br \/>\n\u00b7 Person- eller organisationsnummer<br \/>\n\u00b7 Prenumerationsinst\u00e4llningar<br \/>\nDessutom tar vi automatiskt emot och sparar information fr\u00e5n din dator och webbl\u00e4sare, inklusive din IP-adress, uppgifter om programvara, h\u00e5rdvara och den beg\u00e4rda sidan.<\/p>\n<h5>2. Anv\u00e4ndning av information<\/h5>\n<p>Den information vi samlar in fr\u00e5n dig kan anv\u00e4ndas f\u00f6r att:<br \/>\n\u00b7 G\u00f6ra din upplevelse personlig och tillgodose dina personliga behov<br \/>\n\u00b7 Tillhandah\u00e5lla anpassade annonser<br \/>\n\u00b7 F\u00f6rb\u00e4ttra v\u00e5r hemsida<br \/>\n\u00b7 F\u00f6rb\u00e4ttra v\u00e5r kundservice och ditt behov av hj\u00e4lp<br \/>\n\u00b7 Kontakta dig via e-post<br \/>\n\u00b7 Administrera en t\u00e4vling, ett erbjudande eller en unders\u00f6kning<\/p>\n<h5>3. E-handelss\u00e4kerhet<\/h5>\n<p>Vi \u00e4r de enda som \u00e4ger informationen som samlas in p\u00e5 den h\u00e4r webbplatsen. Din personligt identifierbara information kommer inte att s\u00e4ljas, utbytas, \u00f6verf\u00f6ras eller delas vidare till n\u00e5got annat f\u00f6retag, i n\u00e5got syfte, utan ditt samtycke, f\u00f6rutom d\u00e5 s\u00e5 kr\u00e4vs f\u00f6r att uppfylla en beg\u00e4ran och\/eller \u00f6verf\u00f6ring, t.ex. f\u00f6r att leverera en best\u00e4llning.<\/p>\n<h5>4. Utl\u00e4mnande till tredje part<\/h5>\n<p>Vi s\u00e4ljer, handlar, eller p\u00e5 annat s\u00e4tt \u00f6verf\u00f6r, inte personligt identifierbar information till utomst\u00e5ende parter. Detta inkluderar dock inte betrodd tredjepart som hj\u00e4lper oss att driva v\u00e5r webbplats eller v\u00e5rt f\u00f6retag, med kravet att dessa parter godk\u00e4nner att h\u00e5lla informationen konfidentiell.<br \/>\nVi anser att det \u00e4r n\u00f6dv\u00e4ndigt att dela information i syfte att unders\u00f6ka, f\u00f6rhindra eller vidta \u00e5tg\u00e4rder mot illegala aktiviteter, misst\u00e4nkt bedr\u00e4geri, situationer som medf\u00f6r en potentiell risk f\u00f6r en persons fysiska s\u00e4kerhet, brott mot v\u00e5ra k\u00f6pevillkor eller andra tillf\u00e4llen d\u00e5 lagen s\u00e5 kr\u00e4ver.<\/p>\n<h5>5. Informationsskydd<\/h5>\n<p>Vi vidtar en rad olika s\u00e4kerhets\u00e5tg\u00e4rder f\u00f6r att skydda dina personliga uppgifter. Vi anv\u00e4nder oss av krypteringsmetoder f\u00f6r att skydda k\u00e4nsliga uppgifter som \u00f6verf\u00f6rs \u00f6ver internet. Endast medarbetare som ska utr\u00e4tta ett specifikt arbete (t.ex. fakturering eller kundservice), f\u00e5r tillg\u00e5ng till personligt identifierbar information. De datorer\/servrar som anv\u00e4nds f\u00f6r att lagra personligt identifierbar information lagras i en s\u00e4ker milj\u00f6.<br \/>\nVi anv\u00e4nder oss av cookies som f\u00f6rb\u00e4ttrar tillg\u00e5ngen till v\u00e5r webbplats och identifierar \u00e5terkommande bes\u00f6kare. Dessutom f\u00f6rb\u00e4ttrar v\u00e5ra cookies anv\u00e4ndarupplevelsen genom att sp\u00e5ra och m\u00e5lanpassa anv\u00e4ndarens intressen. V\u00e5r anv\u00e4ndning av cookies kopplas \u00f6ver huvud taget inte till personligt identifierbar information p\u00e5 v\u00e5r webbplats.<\/p>\n<h5>6. Avsluta prenumeration<\/h5>\n<p>Vi anv\u00e4nder den e-postadress du sj\u00e4lv f\u00f6rser oss med f\u00f6r att skicka information och uppdateringar som ang\u00e5r din best\u00e4llning, enstaka nyhetsbrev, relaterad produktinformation etc. Om du inte l\u00e4ngre vill ta emot s\u00e5dana meddelanden hittar du information om hur du avslutar prenumerationen i slutet av varje e-postmeddelande och p\u00e5 v\u00e5r webbplats.<\/p>\n<h5>7. Samtycke<\/h5>\n<p>Genom att anv\u00e4nda v\u00e5r webbplats godk\u00e4nner&nbsp;du att din personliga information behandlas i enlighet med denna&nbsp;integritetspolicy.<br \/>\n&nbsp;<\/p>","protected":false},"excerpt":{"rendered":"<p>Integritetspolicy Rev. 2020-08-22 r2 1. Insamling av information Vi samlar in information fr\u00e5n dig n\u00e4r du registrerar dig p\u00e5 v\u00e5r webbplats, loggar in p\u00e5 ditt konto, g\u00f6r ett k\u00f6p, deltar i en t\u00e4vling och\/eller n\u00e4r du loggar ut. Den insamlade informationen inkluderar \u00b7 F\u00f6r- och efternamn \u00b7&nbsp; Ev. f\u00f6retag eller organisation \u00b7 Postadresser (faktura och\/eller &hellip; <a href=\"https:\/\/www.attefallhuset.se\/en\/integritetspolicy\/\" class=\"more-link\">Continue reading<span class=\"screen-reader-text\"> &#8221;Integritetspolicy&#8221;<\/span><\/a><\/p>","protected":false},"author":1,"featured_media":0,"parent":0,"menu_order":0,"comment_status":"closed","ping_status":"closed","template":"","meta":{"ngg_post_thumbnail":0,"footnotes":""},"class_list":["post-1441","page","type-page","status-publish","hentry"],"yoast_head":"<!-- This site is optimized with the Yoast SEO plugin v27.5 - https:\/\/yoast.com\/product\/yoast-seo-wordpress\/ -->\n<title>Integritetspolicy -<\/title>\n<meta name=\"robots\" content=\"index, follow, max-snippet:-1, max-image-preview:large, max-video-preview:-1\" \/>\n<link rel=\"canonical\" href=\"https:\/\/www.attefallhuset.se\/en\/integritetspolicy\/\" \/>\n<meta property=\"og:locale\" content=\"en_US\" \/>\n<meta property=\"og:type\" content=\"article\" \/>\n<meta property=\"og:title\" content=\"Integritetspolicy -\" \/>\n<meta property=\"og:description\" content=\"Integritetspolicy Rev. 2020-08-22 r2 1. Insamling av information Vi samlar in information fr\u00e5n dig n\u00e4r du registrerar dig p\u00e5 v\u00e5r webbplats, loggar in p\u00e5 ditt konto, g\u00f6r ett k\u00f6p, deltar i en t\u00e4vling och\/eller n\u00e4r du loggar ut. Den insamlade informationen inkluderar \u00b7 F\u00f6r- och efternamn \u00b7&nbsp; Ev. f\u00f6retag eller organisation \u00b7 Postadresser (faktura och\/eller &hellip; Continue reading &quot;Integritetspolicy&quot;\" \/>\n<meta property=\"og:url\" content=\"https:\/\/www.attefallhuset.se\/en\/integritetspolicy\/\" \/>\n<meta property=\"article:publisher\" content=\"https:\/\/www.facebook.com\/attefallhuset\/\" \/>\n<meta property=\"article:modified_time\" content=\"2020-11-23T14:33:21+00:00\" \/>\n<meta name=\"twitter:card\" content=\"summary_large_image\" \/>\n<meta name=\"twitter:label1\" content=\"Est. reading time\" \/>\n\t<meta name=\"twitter:data1\" content=\"3 minutes\" \/>\n<script type=\"application\/ld+json\" class=\"yoast-schema-graph\">{\"@context\":\"https:\\\/\\\/schema.org\",\"@graph\":[{\"@type\":\"WebPage\",\"@id\":\"https:\\\/\\\/www.attefallhuset.se\\\/integritetspolicy\\\/\",\"url\":\"https:\\\/\\\/www.attefallhuset.se\\\/integritetspolicy\\\/\",\"name\":\"Integritetspolicy -\",\"isPartOf\":{\"@id\":\"https:\\\/\\\/www.attefallhuset.se\\\/#website\"},\"datePublished\":\"2018-06-01T07:38:37+00:00\",\"dateModified\":\"2020-11-23T14:33:21+00:00\",\"breadcrumb\":{\"@id\":\"https:\\\/\\\/www.attefallhuset.se\\\/integritetspolicy\\\/#breadcrumb\"},\"inLanguage\":\"en-US\",\"potentialAction\":[{\"@type\":\"ReadAction\",\"target\":[\"https:\\\/\\\/www.attefallhuset.se\\\/integritetspolicy\\\/\"]}]},{\"@type\":\"BreadcrumbList\",\"@id\":\"https:\\\/\\\/www.attefallhuset.se\\\/integritetspolicy\\\/#breadcrumb\",\"itemListElement\":[{\"@type\":\"ListItem\",\"position\":1,\"name\":\"Home\",\"item\":\"https:\\\/\\\/www.attefallhuset.se\\\/\"},{\"@type\":\"ListItem\",\"position\":2,\"name\":\"Integritetspolicy\"}]},{\"@type\":\"WebSite\",\"@id\":\"https:\\\/\\\/www.attefallhuset.se\\\/#website\",\"url\":\"https:\\\/\\\/www.attefallhuset.se\\\/\",\"name\":\"\",\"description\":\"\",\"potentialAction\":[{\"@type\":\"SearchAction\",\"target\":{\"@type\":\"EntryPoint\",\"urlTemplate\":\"https:\\\/\\\/www.attefallhuset.se\\\/?s={search_term_string}\"},\"query-input\":{\"@type\":\"PropertyValueSpecification\",\"valueRequired\":true,\"valueName\":\"search_term_string\"}}],\"inLanguage\":\"en-US\"}]}<\/script>\n<!-- \/ Yoast SEO plugin. -->","yoast_head_json":{"title":"Integritetspolicy -","robots":{"index":"index","follow":"follow","max-snippet":"max-snippet:-1","max-image-preview":"max-image-preview:large","max-video-preview":"max-video-preview:-1"},"canonical":"https:\/\/www.attefallhuset.se\/en\/integritetspolicy\/","og_locale":"en_US","og_type":"article","og_title":"Integritetspolicy -","og_description":"Integritetspolicy Rev. 2020-08-22 r2 1. Insamling av information Vi samlar in information fr\u00e5n dig n\u00e4r du registrerar dig p\u00e5 v\u00e5r webbplats, loggar in p\u00e5 ditt konto, g\u00f6r ett k\u00f6p, deltar i en t\u00e4vling och\/eller n\u00e4r du loggar ut. Den insamlade informationen inkluderar \u00b7 F\u00f6r- och efternamn \u00b7&nbsp; Ev. f\u00f6retag eller organisation \u00b7 Postadresser (faktura och\/eller &hellip; Continue reading \"Integritetspolicy\"","og_url":"https:\/\/www.attefallhuset.se\/en\/integritetspolicy\/","article_publisher":"https:\/\/www.facebook.com\/attefallhuset\/","article_modified_time":"2020-11-23T14:33:21+00:00","twitter_card":"summary_large_image","twitter_misc":{"Est. reading time":"3 minutes"},"schema":{"@context":"https:\/\/schema.org","@graph":[{"@type":"WebPage","@id":"https:\/\/www.attefallhuset.se\/integritetspolicy\/","url":"https:\/\/www.attefallhuset.se\/integritetspolicy\/","name":"Integritetspolicy -","isPartOf":{"@id":"https:\/\/www.attefallhuset.se\/#website"},"datePublished":"2018-06-01T07:38:37+00:00","dateModified":"2020-11-23T14:33:21+00:00","breadcrumb":{"@id":"https:\/\/www.attefallhuset.se\/integritetspolicy\/#breadcrumb"},"inLanguage":"en-US","potentialAction":[{"@type":"ReadAction","target":["https:\/\/www.attefallhuset.se\/integritetspolicy\/"]}]},{"@type":"BreadcrumbList","@id":"https:\/\/www.attefallhuset.se\/integritetspolicy\/#breadcrumb","itemListElement":[{"@type":"ListItem","position":1,"name":"Home","item":"https:\/\/www.attefallhuset.se\/"},{"@type":"ListItem","position":2,"name":"Integritetspolicy"}]},{"@type":"WebSite","@id":"https:\/\/www.attefallhuset.se\/#website","url":"https:\/\/www.attefallhuset.se\/","name":"","description":"","potentialAction":[{"@type":"SearchAction","target":{"@type":"EntryPoint","urlTemplate":"https:\/\/www.attefallhuset.se\/?s={search_term_string}"},"query-input":{"@type":"PropertyValueSpecification","valueRequired":true,"valueName":"search_term_string"}}],"inLanguage":"en-US"}]}},"_links":{"self":[{"href":"https:\/\/www.attefallhuset.se\/en\/wp-json\/wp\/v2\/pages\/1441","targetHints":{"allow":["GET"]}}],"collection":[{"href":"https:\/\/www.attefallhuset.se\/en\/wp-json\/wp\/v2\/pages"}],"about":[{"href":"https:\/\/www.attefallhuset.se\/en\/wp-json\/wp\/v2\/types\/page"}],"author":[{"embeddable":true,"href":"https:\/\/www.attefallhuset.se\/en\/wp-json\/wp\/v2\/users\/1"}],"replies":[{"embeddable":true,"href":"https:\/\/www.attefallhuset.se\/en\/wp-json\/wp\/v2\/comments?post=1441"}],"version-history":[{"count":4,"href":"https:\/\/www.attefallhuset.se\/en\/wp-json\/wp\/v2\/pages\/1441\/revisions"}],"predecessor-version":[{"id":1814,"href":"https:\/\/www.attefallhuset.se\/en\/wp-json\/wp\/v2\/pages\/1441\/revisions\/1814"}],"wp:attachment":[{"href":"https:\/\/www.attefallhuset.se\/en\/wp-json\/wp\/v2\/media?parent=1441"}],"curies":[{"name":"wp","href":"https:\/\/api.w.org\/{rel}","templated":true}]}}